{"id":785,"date":"2024-11-21T14:38:44","date_gmt":"2024-11-21T13:38:44","guid":{"rendered":"https:\/\/golfbusiness-school.com\/?page_id=785"},"modified":"2024-11-21T15:22:52","modified_gmt":"2024-11-21T14:22:52","slug":"le-campus-de-paris-2","status":"publish","type":"page","link":"https:\/\/golfbusiness-school.com\/fr\/le-campus-de-paris-2\/","title":{"rendered":"Le campus de Paris"},"content":{"rendered":"\t\t<div data-elementor-type=\"wp-page\" data-elementor-id=\"785\" class=\"elementor elementor-785\" data-elementor-post-type=\"page\">\n\t\t\t\t<div class=\"elementor-element elementor-element-7f43284 e-flex e-con-boxed e-con e-parent\" data-id=\"7f43284\" data-element_type=\"container\" data-settings=\"{&quot;background_background&quot;:&quot;classic&quot;}\">\n\t\t\t\t\t<div class=\"e-con-inner\">\n\t\t\t\t<div class=\"elementor-element elementor-element-6e32d9c elementor-widget elementor-widget-spacer\" data-id=\"6e32d9c\" data-element_type=\"widget\" data-widget_type=\"spacer.default\">\n\t\t\t\t<div class=\"elementor-widget-container\">\n\t\t\t\t\t<div class=\"elementor-spacer\">\n\t\t\t<div class=\"elementor-spacer-inner\"><\/div>\n\t\t<\/div>\n\t\t\t\t<\/div>\n\t\t\t\t<\/div>\n\t\t\t\t\t<\/div>\n\t\t\t\t<\/div>\n\t\t<div class=\"elementor-element elementor-element-18586dd e-flex e-con-boxed e-con e-parent\" data-id=\"18586dd\" data-element_type=\"container\" data-settings=\"{&quot;background_background&quot;:&quot;classic&quot;}\">\n\t\t\t\t\t<div class=\"e-con-inner\">\n\t\t\t\t<div class=\"elementor-element elementor-element-ef4bf5f elementor-widget elementor-widget-heading\" data-id=\"ef4bf5f\" data-element_type=\"widget\" data-widget_type=\"heading.default\">\n\t\t\t\t<div class=\"elementor-widget-container\">\n\t\t\t<h1 class=\"elementor-heading-title elementor-size-default\">Le Campus de Paris\n<\/h1>\t\t<\/div>\n\t\t\t\t<\/div>\n\t\t\t\t<div class=\"elementor-element elementor-element-4d65d61 elementor-widget elementor-widget-text-editor\" data-id=\"4d65d61\" data-element_type=\"widget\" data-widget_type=\"text-editor.default\">\n\t\t\t\t<div class=\"elementor-widget-container\">\n\t\t\t\t\t\t\t<p>Au coeur du Golf International de Roissy (PGA) le Campus de Paris est dot\u00e9 des \u00e9quipements sportifs, technologiques et acad\u00e9miques les plus performants du secteur. L\u2019\u00e9tudiant est immerg\u00e9 au coeur d\u2019un \u00e9cosyst\u00e8me complet pour assurer un haut niveau d\u2019exigence et d\u2019excellence. Une structure int\u00e9gralement disponible en handisport.<\/p>\t\t\t\t\t\t<\/div>\n\t\t\t\t<\/div>\n\t\t<div class=\"elementor-element elementor-element-908c0d9 e-con-full e-flex e-con e-child\" data-id=\"908c0d9\" data-element_type=\"container\">\n\t\t<div class=\"elementor-element elementor-element-fbb37cd e-con-full e-flex e-con e-child\" data-id=\"fbb37cd\" data-element_type=\"container\">\n\t\t\t\t<div class=\"elementor-element elementor-element-24a7ac4 elementor-widget elementor-widget-text-editor\" data-id=\"24a7ac4\" data-element_type=\"widget\" data-widget_type=\"text-editor.default\">\n\t\t\t\t<div class=\"elementor-widget-container\">\n\t\t\t\t\t\t\t<p>Situ\u00e9e aux portes de Paris, le 1er Campus de la PGB School offre un cadre de vie agr\u00e9able et une qualit\u00e9 de vie exceptionnelle. En constante \u00e9volution, il b\u00e9n\u00e9ficie d\u2019une position g\u00e9ographique privil\u00e9gi\u00e9e, \u00e0 proximit\u00e9 des grands axes de communication et de l\u2019a\u00e9roport international Charles de Gaulle, v\u00e9ritable porte d\u2019entr\u00e9e vers le monde.<\/p><p>Nich\u00e9 au c\u0153ur d\u2019un espace naturel de 90 hectares la Vall\u00e9e Verte, le Golf International de Roissy se pr\u00e9sente comme l\u2019endroit id\u00e9al pour permettre l\u2019\u00e9closion d\u2019une nouvelle g\u00e9n\u00e9ration de champions.<\/p>\t\t\t\t\t\t<\/div>\n\t\t\t\t<\/div>\n\t\t\t\t<\/div>\n\t\t<div class=\"elementor-element elementor-element-e3923ee e-con-full e-flex e-con e-child\" data-id=\"e3923ee\" data-element_type=\"container\">\n\t\t\t\t<div class=\"elementor-element elementor-element-63c633a elementor-widget elementor-widget-image\" data-id=\"63c633a\" data-element_type=\"widget\" data-widget_type=\"image.default\">\n\t\t\t\t<div class=\"elementor-widget-container\">\n\t\t\t\t\t\t\t\t\t\t\t\t\t<img fetchpriority=\"high\" decoding=\"async\" width=\"2048\" height=\"1365\" src=\"https:\/\/golfbusiness-school.com\/wp-content\/uploads\/2024\/11\/Roissy23alamoureux_DJI_0952-2048x1365-1.jpg\" class=\"attachment-full size-full wp-image-788\" alt=\"\" srcset=\"https:\/\/golfbusiness-school.com\/wp-content\/uploads\/2024\/11\/Roissy23alamoureux_DJI_0952-2048x1365-1.jpg 2048w, https:\/\/golfbusiness-school.com\/wp-content\/uploads\/2024\/11\/Roissy23alamoureux_DJI_0952-2048x1365-1-300x200.jpg 300w, https:\/\/golfbusiness-school.com\/wp-content\/uploads\/2024\/11\/Roissy23alamoureux_DJI_0952-2048x1365-1-1024x683.jpg 1024w, https:\/\/golfbusiness-school.com\/wp-content\/uploads\/2024\/11\/Roissy23alamoureux_DJI_0952-2048x1365-1-768x512.jpg 768w, https:\/\/golfbusiness-school.com\/wp-content\/uploads\/2024\/11\/Roissy23alamoureux_DJI_0952-2048x1365-1-1536x1024.jpg 1536w\" sizes=\"(max-width: 2048px) 100vw, 2048px\" \/>\t\t\t\t\t\t\t\t\t\t\t\t\t<\/div>\n\t\t\t\t<\/div>\n\t\t\t\t<\/div>\n\t\t\t\t<\/div>\n\t\t\t\t\t<\/div>\n\t\t\t\t<\/div>\n\t\t<div class=\"elementor-element elementor-element-68623cf7 e-flex e-con-boxed e-con e-parent\" data-id=\"68623cf7\" data-element_type=\"container\" data-settings=\"{&quot;background_background&quot;:&quot;classic&quot;}\">\n\t\t\t\t\t<div class=\"e-con-inner\">\n\t\t<div class=\"elementor-element elementor-element-d147500 e-con-full e-flex e-con e-child\" data-id=\"d147500\" data-element_type=\"container\">\n\t\t\t\t<div class=\"elementor-element elementor-element-308e5f1 elementor-view-default elementor-widget elementor-widget-icon\" data-id=\"308e5f1\" data-element_type=\"widget\" data-widget_type=\"icon.default\">\n\t\t\t\t<div class=\"elementor-widget-container\">\n\t\t\t\t\t<div class=\"elementor-icon-wrapper\">\n\t\t\t<div class=\"elementor-icon\">\n\t\t\t<svg xmlns=\"http:\/\/www.w3.org\/2000\/svg\" id=\"Calque_1\" viewBox=\"0 0 90 62\"><path d=\"M90,19.8c0,12.4-6.5,33.7-23.9,42-1.6.8-2.7-1.2-1.3-2.4,11.9-10.4,15.9-21.2,5.2-19.8-11,0-20-8.9-20-19.8S59,0,70,0s20,8.9,20,19.8Z\"><\/path><path d=\"M40,19.8c0,12.4-6.5,33.7-23.9,42-1.6.8-2.7-1.2-1.3-2.4,11.9-10.4,15.9-21.2,5.2-19.8C9,39.7,0,30.8,0,19.8S9,0,20,0s20,8.9,20,19.8Z\"><\/path><\/svg>\t\t\t<\/div>\n\t\t<\/div>\n\t\t\t\t<\/div>\n\t\t\t\t<\/div>\n\t\t\t\t<div class=\"elementor-element elementor-element-6eda1101 elementor-widget elementor-widget-text-editor\" data-id=\"6eda1101\" data-element_type=\"widget\" data-widget_type=\"text-editor.default\">\n\t\t\t\t<div class=\"elementor-widget-container\">\n\t\t\t\t\t\t\t<p>Un Golf International membre du r\u00e9seau PGA pour garantir aux apprenants une structure d\u2019excellence pour un entra\u00eenement de haut niveau.<\/p>\t\t\t\t\t\t<\/div>\n\t\t\t\t<\/div>\n\t\t\t\t<div class=\"elementor-element elementor-element-f1ae7de elementor-view-default elementor-widget elementor-widget-icon\" data-id=\"f1ae7de\" data-element_type=\"widget\" data-widget_type=\"icon.default\">\n\t\t\t\t<div class=\"elementor-widget-container\">\n\t\t\t\t\t<div class=\"elementor-icon-wrapper\">\n\t\t\t<div class=\"elementor-icon\">\n\t\t\t<svg xmlns=\"http:\/\/www.w3.org\/2000\/svg\" id=\"Calque_1\" viewBox=\"0 0 90 62\"><path d=\"M90,19.8c0,12.4-6.5,33.7-23.9,42-1.6.8-2.7-1.2-1.3-2.4,11.9-10.4,15.9-21.2,5.2-19.8-11,0-20-8.9-20-19.8S59,0,70,0s20,8.9,20,19.8Z\"><\/path><path d=\"M40,19.8c0,12.4-6.5,33.7-23.9,42-1.6.8-2.7-1.2-1.3-2.4,11.9-10.4,15.9-21.2,5.2-19.8C9,39.7,0,30.8,0,19.8S9,0,20,0s20,8.9,20,19.8Z\"><\/path><\/svg>\t\t\t<\/div>\n\t\t<\/div>\n\t\t\t\t<\/div>\n\t\t\t\t<\/div>\n\t\t\t\t<\/div>\n\t\t\t\t\t<\/div>\n\t\t\t\t<\/div>\n\t\t<div class=\"elementor-element elementor-element-5c167c2 e-flex e-con-boxed e-con e-parent\" data-id=\"5c167c2\" data-element_type=\"container\" data-settings=\"{&quot;background_background&quot;:&quot;classic&quot;}\">\n\t\t\t\t\t<div class=\"e-con-inner\">\n\t\t\t\t<div class=\"elementor-element elementor-element-c19aaa2 elementor-widget elementor-widget-text-editor\" data-id=\"c19aaa2\" data-element_type=\"widget\" data-widget_type=\"text-editor.default\">\n\t\t\t\t<div class=\"elementor-widget-container\">\n\t\t\t\t\t\t\t<p>Inaugur\u00e9 en Septembre 2020, le Golf International de Roissy propose des \u00e9quipements de premier ordre:<\/p><ul><li>un parcours PGA de 18 trous (Par 72 \u2013 6 515m) dessin\u00e9 par Michel Nebaldia, praticable toute l\u2019ann\u00e9e<\/li><li>un practice (tapis et sur herbe) de 26 postes dont une partie couverte<\/li><li>un parcours Pitch and Putt de 6 trous<\/li><li>un club house abritant un restaurant, un bar, des salles de formation ou encore l\u2019Acad\u00e9mie Jean Van de Velde.<\/li><\/ul><p>La richesse des \u00e9quipements nous permet de r\u00e9unir formation sportive et acad\u00e9mique au m\u00eame endroit. Nous offrons \u00e0 nos \u00e9tudiants un cadre de travail id\u00e9al pour se concentrer pleinement sur leurs objectifs.<\/p><p>Afin de favoriser un apprentissage optimal, chaque \u00e9tudiant dispose d\u2019un acc\u00e8s illimit\u00e9 aux infrastructures sportives et d\u2019un casier personnel, lui permettant de jongler ais\u00e9ment entre \u00e9tudes et entra\u00eenements.<\/p>\t\t\t\t\t\t<\/div>\n\t\t\t\t<\/div>\n\t\t\t\t\t<\/div>\n\t\t\t\t<\/div>\n\t\t<div class=\"elementor-element elementor-element-a001af1 e-con-full e-flex e-con e-parent\" data-id=\"a001af1\" data-element_type=\"container\">\n\t\t\t\t<div class=\"elementor-element elementor-element-0585654 elementor-widget elementor-widget-image-carousel\" data-id=\"0585654\" data-element_type=\"widget\" data-settings=\"{&quot;slides_to_show&quot;:&quot;2&quot;,&quot;slides_to_scroll&quot;:&quot;1&quot;,&quot;navigation&quot;:&quot;none&quot;,&quot;autoplay_speed&quot;:0,&quot;speed&quot;:20000,&quot;autoplay&quot;:&quot;yes&quot;,&quot;pause_on_interaction&quot;:&quot;yes&quot;,&quot;infinite&quot;:&quot;yes&quot;,&quot;image_spacing_custom&quot;:{&quot;unit&quot;:&quot;px&quot;,&quot;size&quot;:20,&quot;sizes&quot;:[]},&quot;image_spacing_custom_tablet&quot;:{&quot;unit&quot;:&quot;px&quot;,&quot;size&quot;:&quot;&quot;,&quot;sizes&quot;:[]},&quot;image_spacing_custom_mobile&quot;:{&quot;unit&quot;:&quot;px&quot;,&quot;size&quot;:&quot;&quot;,&quot;sizes&quot;:[]}}\" data-widget_type=\"image-carousel.default\">\n\t\t\t\t<div class=\"elementor-widget-container\">\n\t\t\t\t\t<div class=\"elementor-image-carousel-wrapper swiper\" dir=\"ltr\">\n\t\t\t<div class=\"elementor-image-carousel swiper-wrapper\" aria-live=\"off\">\n\t\t\t\t\t\t\t\t<div class=\"swiper-slide\" role=\"group\" aria-roledescription=\"slide\" aria-label=\"1 sur 3\"><figure class=\"swiper-slide-inner\"><img decoding=\"async\" class=\"swiper-slide-image\" src=\"https:\/\/golfbusiness-school.com\/wp-content\/uploads\/2024\/11\/PGB_School_Campus-Paris_1-2048x1365-1.jpg\" alt=\"\" \/><\/figure><\/div><div class=\"swiper-slide\" role=\"group\" aria-roledescription=\"slide\" aria-label=\"2 sur 3\"><figure class=\"swiper-slide-inner\"><img decoding=\"async\" class=\"swiper-slide-image\" src=\"https:\/\/golfbusiness-school.com\/wp-content\/uploads\/2024\/11\/PGB_School_Campus-Paris_2-1-2048x1366-1.jpg\" alt=\"\" \/><\/figure><\/div><div class=\"swiper-slide\" role=\"group\" aria-roledescription=\"slide\" aria-label=\"3 sur 3\"><figure class=\"swiper-slide-inner\"><img decoding=\"async\" class=\"swiper-slide-image\" src=\"https:\/\/golfbusiness-school.com\/wp-content\/uploads\/2024\/11\/PGB_School_Campus-Paris_3-1-2048x1366-1.jpg\" alt=\"\" \/><\/figure><\/div>\t\t\t<\/div>\n\t\t\t\t\t\t\t\n\t\t\t\t\t\t\t\t\t<\/div>\n\t\t\t\t<\/div>\n\t\t\t\t<\/div>\n\t\t\t\t<div class=\"elementor-element elementor-element-7b92f79 elementor-widget elementor-widget-image-carousel\" data-id=\"7b92f79\" data-element_type=\"widget\" data-settings=\"{&quot;slides_to_show&quot;:&quot;2&quot;,&quot;slides_to_scroll&quot;:&quot;1&quot;,&quot;navigation&quot;:&quot;none&quot;,&quot;autoplay_speed&quot;:0,&quot;speed&quot;:20000,&quot;autoplay&quot;:&quot;yes&quot;,&quot;infinite&quot;:&quot;yes&quot;,&quot;image_spacing_custom&quot;:{&quot;unit&quot;:&quot;px&quot;,&quot;size&quot;:20,&quot;sizes&quot;:[]},&quot;image_spacing_custom_tablet&quot;:{&quot;unit&quot;:&quot;px&quot;,&quot;size&quot;:&quot;&quot;,&quot;sizes&quot;:[]},&quot;image_spacing_custom_mobile&quot;:{&quot;unit&quot;:&quot;px&quot;,&quot;size&quot;:&quot;&quot;,&quot;sizes&quot;:[]}}\" data-widget_type=\"image-carousel.default\">\n\t\t\t\t<div class=\"elementor-widget-container\">\n\t\t\t\t\t<div class=\"elementor-image-carousel-wrapper swiper\" dir=\"rtl\">\n\t\t\t<div class=\"elementor-image-carousel swiper-wrapper\" aria-live=\"off\">\n\t\t\t\t\t\t\t\t<div class=\"swiper-slide\" role=\"group\" aria-roledescription=\"slide\" aria-label=\"1 sur 3\"><figure class=\"swiper-slide-inner\"><img decoding=\"async\" class=\"swiper-slide-image\" src=\"https:\/\/golfbusiness-school.com\/wp-content\/uploads\/2024\/11\/PGB_School_Campus-Paris_4-1-2048x1366-1.jpg\" alt=\"\" \/><\/figure><\/div><div class=\"swiper-slide\" role=\"group\" aria-roledescription=\"slide\" aria-label=\"2 sur 3\"><figure class=\"swiper-slide-inner\"><img decoding=\"async\" class=\"swiper-slide-image\" src=\"https:\/\/golfbusiness-school.com\/wp-content\/uploads\/2024\/11\/PGB_School_Campus-Paris_6-2048x1365-1.jpg\" alt=\"\" \/><\/figure><\/div><div class=\"swiper-slide\" role=\"group\" aria-roledescription=\"slide\" aria-label=\"3 sur 3\"><figure class=\"swiper-slide-inner\"><img decoding=\"async\" class=\"swiper-slide-image\" src=\"https:\/\/golfbusiness-school.com\/wp-content\/uploads\/2024\/11\/PGB_School_Campus-Paris_5-1-2048x1366-1.jpg\" alt=\"\" \/><\/figure><\/div>\t\t\t<\/div>\n\t\t\t\t\t\t\t\n\t\t\t\t\t\t\t\t\t<\/div>\n\t\t\t\t<\/div>\n\t\t\t\t<\/div>\n\t\t\t\t<\/div>\n\t\t<div class=\"elementor-element elementor-element-5f4a1d9 e-flex e-con-boxed e-con e-parent\" data-id=\"5f4a1d9\" data-element_type=\"container\">\n\t\t\t\t\t<div class=\"e-con-inner\">\n\t\t\t\t<div class=\"elementor-element elementor-element-8f6a87e elementor-widget elementor-widget-image\" data-id=\"8f6a87e\" data-element_type=\"widget\" data-widget_type=\"image.default\">\n\t\t\t\t<div class=\"elementor-widget-container\">\n\t\t\t\t\t\t\t\t\t\t\t\t\t<img decoding=\"async\" width=\"2048\" height=\"1536\" src=\"https:\/\/golfbusiness-school.com\/wp-content\/uploads\/2024\/11\/Zone-entrainement-Trackman_PGBSChoolParis-2048x1536-1.jpg\" class=\"attachment-full size-full wp-image-834\" alt=\"\" srcset=\"https:\/\/golfbusiness-school.com\/wp-content\/uploads\/2024\/11\/Zone-entrainement-Trackman_PGBSChoolParis-2048x1536-1.jpg 2048w, https:\/\/golfbusiness-school.com\/wp-content\/uploads\/2024\/11\/Zone-entrainement-Trackman_PGBSChoolParis-2048x1536-1-300x225.jpg 300w, https:\/\/golfbusiness-school.com\/wp-content\/uploads\/2024\/11\/Zone-entrainement-Trackman_PGBSChoolParis-2048x1536-1-1024x768.jpg 1024w, https:\/\/golfbusiness-school.com\/wp-content\/uploads\/2024\/11\/Zone-entrainement-Trackman_PGBSChoolParis-2048x1536-1-768x576.jpg 768w, https:\/\/golfbusiness-school.com\/wp-content\/uploads\/2024\/11\/Zone-entrainement-Trackman_PGBSChoolParis-2048x1536-1-1536x1152.jpg 1536w\" sizes=\"(max-width: 2048px) 100vw, 2048px\" \/>\t\t\t\t\t\t\t\t\t\t\t\t\t<\/div>\n\t\t\t\t<\/div>\n\t\t\t\t\t<\/div>\n\t\t\t\t<\/div>\n\t\t\t\t<\/div>\n\t\t","protected":false},"excerpt":{"rendered":"<p>Le Campus de Paris Au coeur du Golf International de Roissy (PGA) le Campus de Paris est dot\u00e9 des \u00e9quipements sportifs, technologiques et acad\u00e9miques les plus performants du secteur. L\u2019\u00e9tudiant est immerg\u00e9 au coeur d\u2019un \u00e9cosyst\u00e8me complet pour assurer un haut niveau d\u2019exigence et d\u2019excellence. Une structure int\u00e9gralement disponible en handisport. Situ\u00e9e aux portes de [&hellip;]<\/p>\n","protected":false},"author":4,"featured_media":0,"parent":0,"menu_order":0,"comment_status":"closed","ping_status":"closed","template":"","meta":{"_eb_attr":"","content-type":"","footnotes":""},"class_list":["post-785","page","type-page","status-publish","hentry"],"yoast_head":"<!-- This site is optimized with the Yoast SEO plugin v24.4 - https:\/\/yoast.com\/wordpress\/plugins\/seo\/ -->\n<title>Le campus de Paris - PGB School<\/title>\n<meta name=\"robots\" content=\"index, follow, max-snippet:-1, max-image-preview:large, max-video-preview:-1\" \/>\n<link rel=\"canonical\" href=\"https:\/\/golfbusiness-school.com\/fr\/le-campus-de-paris-2\/\" \/>\n<meta property=\"og:locale\" content=\"fr_FR\" \/>\n<meta property=\"og:type\" content=\"article\" \/>\n<meta property=\"og:title\" content=\"Le campus de Paris - PGB School\" \/>\n<meta property=\"og:description\" content=\"Le Campus de Paris Au coeur du Golf International de Roissy (PGA) le Campus de Paris est dot\u00e9 des \u00e9quipements sportifs, technologiques et acad\u00e9miques les plus performants du secteur. L\u2019\u00e9tudiant est immerg\u00e9 au coeur d\u2019un \u00e9cosyst\u00e8me complet pour assurer un haut niveau d\u2019exigence et d\u2019excellence. Une structure int\u00e9gralement disponible en handisport. Situ\u00e9e aux portes de [&hellip;]\" \/>\n<meta property=\"og:url\" content=\"https:\/\/golfbusiness-school.com\/fr\/le-campus-de-paris-2\/\" \/>\n<meta property=\"og:site_name\" content=\"PGB School\" \/>\n<meta property=\"article:modified_time\" content=\"2024-11-21T14:22:52+00:00\" \/>\n<meta property=\"og:image\" content=\"http:\/\/golfbusiness-school.com\/wp-content\/uploads\/2024\/11\/Roissy23alamoureux_DJI_0952-2048x1365-1.jpg\" \/>\n<meta name=\"twitter:card\" content=\"summary_large_image\" \/>\n<meta name=\"twitter:label1\" content=\"Dur\u00e9e de lecture estim\u00e9e\" \/>\n\t<meta name=\"twitter:data1\" content=\"2 minutes\" \/>\n<script type=\"application\/ld+json\" class=\"yoast-schema-graph\">{\"@context\":\"https:\/\/schema.org\",\"@graph\":[{\"@type\":\"WebPage\",\"@id\":\"https:\/\/golfbusiness-school.com\/fr\/le-campus-de-paris-2\/\",\"url\":\"https:\/\/golfbusiness-school.com\/fr\/le-campus-de-paris-2\/\",\"name\":\"Le campus de Paris - PGB School\",\"isPartOf\":{\"@id\":\"https:\/\/golfbusiness-school.com\/#website\"},\"primaryImageOfPage\":{\"@id\":\"https:\/\/golfbusiness-school.com\/fr\/le-campus-de-paris-2\/#primaryimage\"},\"image\":{\"@id\":\"https:\/\/golfbusiness-school.com\/fr\/le-campus-de-paris-2\/#primaryimage\"},\"thumbnailUrl\":\"http:\/\/golfbusiness-school.com\/wp-content\/uploads\/2024\/11\/Roissy23alamoureux_DJI_0952-2048x1365-1.jpg\",\"datePublished\":\"2024-11-21T13:38:44+00:00\",\"dateModified\":\"2024-11-21T14:22:52+00:00\",\"breadcrumb\":{\"@id\":\"https:\/\/golfbusiness-school.com\/fr\/le-campus-de-paris-2\/#breadcrumb\"},\"inLanguage\":\"fr-FR\",\"potentialAction\":[{\"@type\":\"ReadAction\",\"target\":[\"https:\/\/golfbusiness-school.com\/fr\/le-campus-de-paris-2\/\"]}]},{\"@type\":\"ImageObject\",\"inLanguage\":\"fr-FR\",\"@id\":\"https:\/\/golfbusiness-school.com\/fr\/le-campus-de-paris-2\/#primaryimage\",\"url\":\"http:\/\/golfbusiness-school.com\/wp-content\/uploads\/2024\/11\/Roissy23alamoureux_DJI_0952-2048x1365-1.jpg\",\"contentUrl\":\"http:\/\/golfbusiness-school.com\/wp-content\/uploads\/2024\/11\/Roissy23alamoureux_DJI_0952-2048x1365-1.jpg\"},{\"@type\":\"BreadcrumbList\",\"@id\":\"https:\/\/golfbusiness-school.com\/fr\/le-campus-de-paris-2\/#breadcrumb\",\"itemListElement\":[{\"@type\":\"ListItem\",\"position\":1,\"name\":\"Accueil\",\"item\":\"https:\/\/golfbusiness-school.com\/fr\/\"},{\"@type\":\"ListItem\",\"position\":2,\"name\":\"Le campus de Paris\"}]},{\"@type\":\"WebSite\",\"@id\":\"https:\/\/golfbusiness-school.com\/#website\",\"url\":\"https:\/\/golfbusiness-school.com\/\",\"name\":\"PGB School\",\"description\":\"International Golf Business School\",\"publisher\":{\"@id\":\"https:\/\/golfbusiness-school.com\/#organization\"},\"potentialAction\":[{\"@type\":\"SearchAction\",\"target\":{\"@type\":\"EntryPoint\",\"urlTemplate\":\"https:\/\/golfbusiness-school.com\/?s={search_term_string}\"},\"query-input\":{\"@type\":\"PropertyValueSpecification\",\"valueRequired\":true,\"valueName\":\"search_term_string\"}}],\"inLanguage\":\"fr-FR\"},{\"@type\":\"Organization\",\"@id\":\"https:\/\/golfbusiness-school.com\/#organization\",\"name\":\"PGB School\",\"url\":\"https:\/\/golfbusiness-school.com\/\",\"logo\":{\"@type\":\"ImageObject\",\"inLanguage\":\"fr-FR\",\"@id\":\"https:\/\/golfbusiness-school.com\/#\/schema\/logo\/image\/\",\"url\":\"https:\/\/golfbusiness-school.com\/wp-content\/uploads\/2024\/10\/logo-paris-golf-business-school.svg\",\"contentUrl\":\"https:\/\/golfbusiness-school.com\/wp-content\/uploads\/2024\/10\/logo-paris-golf-business-school.svg\",\"width\":1000,\"height\":216,\"caption\":\"PGB School\"},\"image\":{\"@id\":\"https:\/\/golfbusiness-school.com\/#\/schema\/logo\/image\/\"}}]}<\/script>\n<!-- \/ Yoast SEO plugin. -->","yoast_head_json":{"title":"Le campus de Paris - PGB School","robots":{"index":"index","follow":"follow","max-snippet":"max-snippet:-1","max-image-preview":"max-image-preview:large","max-video-preview":"max-video-preview:-1"},"canonical":"https:\/\/golfbusiness-school.com\/fr\/le-campus-de-paris-2\/","og_locale":"fr_FR","og_type":"article","og_title":"Le campus de Paris - PGB School","og_description":"Le Campus de Paris Au coeur du Golf International de Roissy (PGA) le Campus de Paris est dot\u00e9 des \u00e9quipements sportifs, technologiques et acad\u00e9miques les plus performants du secteur. L\u2019\u00e9tudiant est immerg\u00e9 au coeur d\u2019un \u00e9cosyst\u00e8me complet pour assurer un haut niveau d\u2019exigence et d\u2019excellence. Une structure int\u00e9gralement disponible en handisport. Situ\u00e9e aux portes de [&hellip;]","og_url":"https:\/\/golfbusiness-school.com\/fr\/le-campus-de-paris-2\/","og_site_name":"PGB School","article_modified_time":"2024-11-21T14:22:52+00:00","og_image":[{"url":"http:\/\/golfbusiness-school.com\/wp-content\/uploads\/2024\/11\/Roissy23alamoureux_DJI_0952-2048x1365-1.jpg","type":"","width":"","height":""}],"twitter_card":"summary_large_image","twitter_misc":{"Dur\u00e9e de lecture estim\u00e9e":"2 minutes"},"schema":{"@context":"https:\/\/schema.org","@graph":[{"@type":"WebPage","@id":"https:\/\/golfbusiness-school.com\/fr\/le-campus-de-paris-2\/","url":"https:\/\/golfbusiness-school.com\/fr\/le-campus-de-paris-2\/","name":"Le campus de Paris - PGB School","isPartOf":{"@id":"https:\/\/golfbusiness-school.com\/#website"},"primaryImageOfPage":{"@id":"https:\/\/golfbusiness-school.com\/fr\/le-campus-de-paris-2\/#primaryimage"},"image":{"@id":"https:\/\/golfbusiness-school.com\/fr\/le-campus-de-paris-2\/#primaryimage"},"thumbnailUrl":"http:\/\/golfbusiness-school.com\/wp-content\/uploads\/2024\/11\/Roissy23alamoureux_DJI_0952-2048x1365-1.jpg","datePublished":"2024-11-21T13:38:44+00:00","dateModified":"2024-11-21T14:22:52+00:00","breadcrumb":{"@id":"https:\/\/golfbusiness-school.com\/fr\/le-campus-de-paris-2\/#breadcrumb"},"inLanguage":"fr-FR","potentialAction":[{"@type":"ReadAction","target":["https:\/\/golfbusiness-school.com\/fr\/le-campus-de-paris-2\/"]}]},{"@type":"ImageObject","inLanguage":"fr-FR","@id":"https:\/\/golfbusiness-school.com\/fr\/le-campus-de-paris-2\/#primaryimage","url":"http:\/\/golfbusiness-school.com\/wp-content\/uploads\/2024\/11\/Roissy23alamoureux_DJI_0952-2048x1365-1.jpg","contentUrl":"http:\/\/golfbusiness-school.com\/wp-content\/uploads\/2024\/11\/Roissy23alamoureux_DJI_0952-2048x1365-1.jpg"},{"@type":"BreadcrumbList","@id":"https:\/\/golfbusiness-school.com\/fr\/le-campus-de-paris-2\/#breadcrumb","itemListElement":[{"@type":"ListItem","position":1,"name":"Accueil","item":"https:\/\/golfbusiness-school.com\/fr\/"},{"@type":"ListItem","position":2,"name":"Le campus de Paris"}]},{"@type":"WebSite","@id":"https:\/\/golfbusiness-school.com\/#website","url":"https:\/\/golfbusiness-school.com\/","name":"PGB School","description":"International Golf Business School","publisher":{"@id":"https:\/\/golfbusiness-school.com\/#organization"},"potentialAction":[{"@type":"SearchAction","target":{"@type":"EntryPoint","urlTemplate":"https:\/\/golfbusiness-school.com\/?s={search_term_string}"},"query-input":{"@type":"PropertyValueSpecification","valueRequired":true,"valueName":"search_term_string"}}],"inLanguage":"fr-FR"},{"@type":"Organization","@id":"https:\/\/golfbusiness-school.com\/#organization","name":"PGB School","url":"https:\/\/golfbusiness-school.com\/","logo":{"@type":"ImageObject","inLanguage":"fr-FR","@id":"https:\/\/golfbusiness-school.com\/#\/schema\/logo\/image\/","url":"https:\/\/golfbusiness-school.com\/wp-content\/uploads\/2024\/10\/logo-paris-golf-business-school.svg","contentUrl":"https:\/\/golfbusiness-school.com\/wp-content\/uploads\/2024\/10\/logo-paris-golf-business-school.svg","width":1000,"height":216,"caption":"PGB School"},"image":{"@id":"https:\/\/golfbusiness-school.com\/#\/schema\/logo\/image\/"}}]}},"_links":{"self":[{"href":"https:\/\/golfbusiness-school.com\/fr\/wp-json\/wp\/v2\/pages\/785","targetHints":{"allow":["GET"]}}],"collection":[{"href":"https:\/\/golfbusiness-school.com\/fr\/wp-json\/wp\/v2\/pages"}],"about":[{"href":"https:\/\/golfbusiness-school.com\/fr\/wp-json\/wp\/v2\/types\/page"}],"author":[{"embeddable":true,"href":"https:\/\/golfbusiness-school.com\/fr\/wp-json\/wp\/v2\/users\/4"}],"replies":[{"embeddable":true,"href":"https:\/\/golfbusiness-school.com\/fr\/wp-json\/wp\/v2\/comments?post=785"}],"version-history":[{"count":0,"href":"https:\/\/golfbusiness-school.com\/fr\/wp-json\/wp\/v2\/pages\/785\/revisions"}],"wp:attachment":[{"href":"https:\/\/golfbusiness-school.com\/fr\/wp-json\/wp\/v2\/media?parent=785"}],"curies":[{"name":"wp","href":"https:\/\/api.w.org\/{rel}","templated":true}]}}