{"id":678,"date":"2024-11-07T11:54:20","date_gmt":"2024-11-07T10:54:20","guid":{"rendered":"https:\/\/golfbusiness-school.com\/?page_id=678"},"modified":"2024-11-07T12:39:26","modified_gmt":"2024-11-07T11:39:26","slug":"le-reseau-pgb-school","status":"publish","type":"page","link":"https:\/\/golfbusiness-school.com\/fr\/le-reseau-pgb-school\/","title":{"rendered":"Le r\u00e9seau PGB School"},"content":{"rendered":"\t\t<div data-elementor-type=\"wp-page\" data-elementor-id=\"678\" class=\"elementor elementor-678\" data-elementor-post-type=\"page\">\n\t\t\t\t<div class=\"elementor-element elementor-element-7f43284 e-flex e-con-boxed e-con e-parent\" data-id=\"7f43284\" data-element_type=\"container\" data-settings=\"{&quot;background_background&quot;:&quot;classic&quot;}\">\n\t\t\t\t\t<div class=\"e-con-inner\">\n\t\t\t\t<div class=\"elementor-element elementor-element-6e32d9c elementor-widget elementor-widget-spacer\" data-id=\"6e32d9c\" data-element_type=\"widget\" data-widget_type=\"spacer.default\">\n\t\t\t\t<div class=\"elementor-widget-container\">\n\t\t\t\t\t<div class=\"elementor-spacer\">\n\t\t\t<div class=\"elementor-spacer-inner\"><\/div>\n\t\t<\/div>\n\t\t\t\t<\/div>\n\t\t\t\t<\/div>\n\t\t\t\t\t<\/div>\n\t\t\t\t<\/div>\n\t\t<div class=\"elementor-element elementor-element-18586dd e-flex e-con-boxed e-con e-parent\" data-id=\"18586dd\" data-element_type=\"container\" data-settings=\"{&quot;background_background&quot;:&quot;classic&quot;}\">\n\t\t\t\t\t<div class=\"e-con-inner\">\n\t\t\t\t<div class=\"elementor-element elementor-element-ef4bf5f elementor-widget elementor-widget-heading\" data-id=\"ef4bf5f\" data-element_type=\"widget\" data-widget_type=\"heading.default\">\n\t\t\t\t<div class=\"elementor-widget-container\">\n\t\t\t<h1 class=\"elementor-heading-title elementor-size-default\">le r\u00e9seau PGB School\n<\/h1>\t\t<\/div>\n\t\t\t\t<\/div>\n\t\t<div class=\"elementor-element elementor-element-908c0d9 e-con-full e-flex e-con e-child\" data-id=\"908c0d9\" data-element_type=\"container\">\n\t\t<div class=\"elementor-element elementor-element-fbb37cd e-con-full e-flex e-con e-child\" data-id=\"fbb37cd\" data-element_type=\"container\">\n\t\t\t\t<div class=\"elementor-element elementor-element-9243f4d elementor-widget elementor-widget-heading\" data-id=\"9243f4d\" data-element_type=\"widget\" data-widget_type=\"heading.default\">\n\t\t\t\t<div class=\"elementor-widget-container\">\n\t\t\t<h1 class=\"elementor-heading-title elementor-size-default\">Le r\u00e9seau international<\/h1>\t\t<\/div>\n\t\t\t\t<\/div>\n\t\t\t\t<div class=\"elementor-element elementor-element-24a7ac4 elementor-widget elementor-widget-text-editor\" data-id=\"24a7ac4\" data-element_type=\"widget\" data-widget_type=\"text-editor.default\">\n\t\t\t\t<div class=\"elementor-widget-container\">\n\t\t\t\t\t\t\t<p>Avec une immersion \u00e0 l\u2019\u00e9tranger chaque ann\u00e9e, nos \u00e9tudiants ont l\u2019opportunit\u00e9 de se c\u00f4toyer de pr\u00e8s des entrepreneurs qui repr\u00e9sentent le monde des affaires \u00e0 l\u2019international, comme des professionnels du golf du monde entier. Duba\u00ef, USA, Royaume-Unis, et Europe sont les destinations phares de la PGB School qui travaille en partenariat avec les universit\u00e9s locales. Au del\u00e0 de l\u2019apport acad\u00e9mique et professionnel, c\u2019est une v\u00e9ritable ouverture de r\u00e9seau international qui s\u2019offre \u00e0 chaque \u00e9tudiant. Un acc\u00e9l\u00e9rateur de carri\u00e8re pour enrichir son carnet d\u2019adresses et construire son CV.<\/p>\t\t\t\t\t\t<\/div>\n\t\t\t\t<\/div>\n\t\t\t\t<\/div>\n\t\t<div class=\"elementor-element elementor-element-e3923ee e-con-full e-flex e-con e-child\" data-id=\"e3923ee\" data-element_type=\"container\">\n\t\t\t\t<div class=\"elementor-element elementor-element-63c633a elementor-widget elementor-widget-image\" data-id=\"63c633a\" data-element_type=\"widget\" data-widget_type=\"image.default\">\n\t\t\t\t<div class=\"elementor-widget-container\">\n\t\t\t\t\t\t\t\t\t\t\t\t\t<img fetchpriority=\"high\" decoding=\"async\" width=\"2048\" height=\"1367\" src=\"https:\/\/golfbusiness-school.com\/wp-content\/uploads\/2024\/11\/the-photo-of-successful-team-global-business-partn-2023-11-27-05-22-51-utc-1-2048x1367-1.jpg\" class=\"attachment-full size-full wp-image-685\" alt=\"\" srcset=\"https:\/\/golfbusiness-school.com\/wp-content\/uploads\/2024\/11\/the-photo-of-successful-team-global-business-partn-2023-11-27-05-22-51-utc-1-2048x1367-1.jpg 2048w, https:\/\/golfbusiness-school.com\/wp-content\/uploads\/2024\/11\/the-photo-of-successful-team-global-business-partn-2023-11-27-05-22-51-utc-1-2048x1367-1-300x200.jpg 300w, https:\/\/golfbusiness-school.com\/wp-content\/uploads\/2024\/11\/the-photo-of-successful-team-global-business-partn-2023-11-27-05-22-51-utc-1-2048x1367-1-1024x684.jpg 1024w, https:\/\/golfbusiness-school.com\/wp-content\/uploads\/2024\/11\/the-photo-of-successful-team-global-business-partn-2023-11-27-05-22-51-utc-1-2048x1367-1-768x513.jpg 768w, https:\/\/golfbusiness-school.com\/wp-content\/uploads\/2024\/11\/the-photo-of-successful-team-global-business-partn-2023-11-27-05-22-51-utc-1-2048x1367-1-1536x1025.jpg 1536w\" sizes=\"(max-width: 2048px) 100vw, 2048px\" \/>\t\t\t\t\t\t\t\t\t\t\t\t\t<\/div>\n\t\t\t\t<\/div>\n\t\t\t\t<\/div>\n\t\t\t\t<\/div>\n\t\t\t\t\t<\/div>\n\t\t\t\t<\/div>\n\t\t<div class=\"elementor-element elementor-element-8498a32 e-flex e-con-boxed e-con e-parent\" data-id=\"8498a32\" data-element_type=\"container\" data-settings=\"{&quot;background_background&quot;:&quot;classic&quot;}\">\n\t\t\t\t\t<div class=\"e-con-inner\">\n\t\t\t\t<div class=\"elementor-element elementor-element-ec0263d elementor-widget elementor-widget-heading\" data-id=\"ec0263d\" data-element_type=\"widget\" data-widget_type=\"heading.default\">\n\t\t\t\t<div class=\"elementor-widget-container\">\n\t\t\t<h1 class=\"elementor-heading-title elementor-size-default\">un r\u00e9seau pour le golf, par le golf !<\/h1>\t\t<\/div>\n\t\t\t\t<\/div>\n\t\t\t\t<div class=\"elementor-element elementor-element-4d65d61 elementor-widget elementor-widget-text-editor\" data-id=\"4d65d61\" data-element_type=\"widget\" data-widget_type=\"text-editor.default\">\n\t\t\t\t<div class=\"elementor-widget-container\">\n\t\t\t\t\t\t\tGolfs internationaux, r\u00e9seau PGA, \u00e9quipementiers, m\u00e9dias\u2026 L\u2019ensemble de l\u2019environnement de la PGB School est constitu\u00e9 d\u2019acteurs majeurs de l\u2019univers golf. Pour assurer \u00e0 nos \u00e9tudiants un entourage professionnel de renom, nous entourons des meilleurs ! Parce qu\u2019ils seront demain la moyenne des personnes qu\u2019ils fr\u00e9quentent, nous devons leur pr\u00e9senter les meilleurs.\n\n\t\t\t\t\t\t<\/div>\n\t\t\t\t<\/div>\n\t\t\t\t\t<\/div>\n\t\t\t\t<\/div>\n\t\t<div class=\"elementor-element elementor-element-68623cf7 e-flex e-con-boxed e-con e-parent\" data-id=\"68623cf7\" data-element_type=\"container\" data-settings=\"{&quot;background_background&quot;:&quot;classic&quot;}\">\n\t\t\t\t\t<div class=\"e-con-inner\">\n\t\t<div class=\"elementor-element elementor-element-d147500 e-con-full e-flex e-con e-child\" data-id=\"d147500\" data-element_type=\"container\">\n\t\t\t\t<div class=\"elementor-element elementor-element-308e5f1 elementor-view-default elementor-widget elementor-widget-icon\" data-id=\"308e5f1\" data-element_type=\"widget\" data-widget_type=\"icon.default\">\n\t\t\t\t<div class=\"elementor-widget-container\">\n\t\t\t\t\t<div class=\"elementor-icon-wrapper\">\n\t\t\t<div class=\"elementor-icon\">\n\t\t\t<svg xmlns=\"http:\/\/www.w3.org\/2000\/svg\" id=\"Calque_1\" viewBox=\"0 0 90 62\"><path d=\"M90,19.8c0,12.4-6.5,33.7-23.9,42-1.6.8-2.7-1.2-1.3-2.4,11.9-10.4,15.9-21.2,5.2-19.8-11,0-20-8.9-20-19.8S59,0,70,0s20,8.9,20,19.8Z\"><\/path><path d=\"M40,19.8c0,12.4-6.5,33.7-23.9,42-1.6.8-2.7-1.2-1.3-2.4,11.9-10.4,15.9-21.2,5.2-19.8C9,39.7,0,30.8,0,19.8S9,0,20,0s20,8.9,20,19.8Z\"><\/path><\/svg>\t\t\t<\/div>\n\t\t<\/div>\n\t\t\t\t<\/div>\n\t\t\t\t<\/div>\n\t\t\t\t<div class=\"elementor-element elementor-element-6eda1101 elementor-widget elementor-widget-text-editor\" data-id=\"6eda1101\" data-element_type=\"widget\" data-widget_type=\"text-editor.default\">\n\t\t\t\t<div class=\"elementor-widget-container\">\n\t\t\t\t\t\t\t<p><em>Nous proposons une p\u00e9dagogie \u00e0 la pointe et tout \u00e0 fait formalis\u00e9e. Nous avons les entra\u00eeneurs et les infrastructures pour permettre \u00e0 chaque golfeur d\u2019atteindre le plus haut niveau. La possibilit\u00e9 de poursuivre des \u00e9tudes universitaires tout en b\u00e9n\u00e9ficiant de cet encadrement est une opportunit\u00e9 rarissime.<\/em><\/p>\t\t\t\t\t\t<\/div>\n\t\t\t\t<\/div>\n\t\t\t\t<div class=\"elementor-element elementor-element-c8e3dc6 elementor-widget elementor-widget-text-editor\" data-id=\"c8e3dc6\" data-element_type=\"widget\" data-widget_type=\"text-editor.default\">\n\t\t\t\t<div class=\"elementor-widget-container\">\n\t\t\t\t\t\t\tJean Van de velde\t\t\t\t\t\t<\/div>\n\t\t\t\t<\/div>\n\t\t\t\t<div class=\"elementor-element elementor-element-22cf6ef elementor-widget elementor-widget-text-editor\" data-id=\"22cf6ef\" data-element_type=\"widget\" data-widget_type=\"text-editor.default\">\n\t\t\t\t<div class=\"elementor-widget-container\">\n\t\t\t\t\t\t\tFormer International professional Golfer &#038; Academy JVW Founder\n\t\t\t\t\t\t<\/div>\n\t\t\t\t<\/div>\n\t\t\t\t<\/div>\n\t\t\t\t\t<\/div>\n\t\t\t\t<\/div>\n\t\t<div class=\"elementor-element elementor-element-5c167c2 e-flex e-con-boxed e-con e-parent\" data-id=\"5c167c2\" data-element_type=\"container\" data-settings=\"{&quot;background_background&quot;:&quot;classic&quot;}\">\n\t\t\t\t\t<div class=\"e-con-inner\">\n\t\t\t\t<div class=\"elementor-element elementor-element-2367647 elementor-widget elementor-widget-heading\" data-id=\"2367647\" data-element_type=\"widget\" data-widget_type=\"heading.default\">\n\t\t\t\t<div class=\"elementor-widget-container\">\n\t\t\t<h1 class=\"elementor-heading-title elementor-size-default\">r\u00e9seau d\u2019entreprises &amp; Comit\u00e9 de perfectionnement<\/h1>\t\t<\/div>\n\t\t\t\t<\/div>\n\t\t<div class=\"elementor-element elementor-element-ac0067f e-con-full e-flex e-con e-child\" data-id=\"ac0067f\" data-element_type=\"container\">\n\t\t\t\t<div class=\"elementor-element elementor-element-f151a99 elementor-widget elementor-widget-text-editor\" data-id=\"f151a99\" data-element_type=\"widget\" data-widget_type=\"text-editor.default\">\n\t\t\t\t<div class=\"elementor-widget-container\">\n\t\t\t\t\t\t\t<p class=\"has-text-dark-color has-text-color has-link-color wp-elements-4f61d58e8c5be0787e8c17cb5a969a74\">Le comit\u00e9 de perfectionnement de la PSB School se compose de chefs d\u2019entreprise, cadres dirigeants et repr\u00e9sentants du monde de l\u2019entrepreneuriat. Se r\u00e9unissant une fois par an, l\u2019objectif du comit\u00e9 est d\u2019orienter les dispositifs p\u00e9dagogiques vers la r\u00e9ussite professionnelle et sportive de l\u2019\u00e9tudiant. Ainsi, les enjeux de l\u2019ajustement des programmes, l\u2019insertion professionnelle et les dispositifs sportifs sont abord\u00e9s, de mani\u00e8re \u00e0 mettre en ad\u00e9quation le cadre de l\u2019\u00e9cole avec la r\u00e9alit\u00e9 du march\u00e9.<\/p>\t\t\t\t\t\t<\/div>\n\t\t\t\t<\/div>\n\t\t\t\t<\/div>\n\t\t<div class=\"elementor-element elementor-element-6c300b8 e-con-full e-flex e-con e-child\" data-id=\"6c300b8\" data-element_type=\"container\">\n\t\t\t\t<div class=\"elementor-element elementor-element-278a41a elementor-widget elementor-widget-text-editor\" data-id=\"278a41a\" data-element_type=\"widget\" data-widget_type=\"text-editor.default\">\n\t\t\t\t<div class=\"elementor-widget-container\">\n\t\t\t\t\t\t\t<p>Afin de r\u00e9aliser des stages et des projets concrets, la Paris Golf Business School peut compter sur un r\u00e9seau d\u2019entreprises pr\u00eate \u00e0 construire une relation de confiance. C\u2019est ainsi que les plus grands \u00e9quipementiers, revendeurs et marques internationales travaillent en \u00e9troite collaboration avec le service p\u00e9dagogique pour proposer des exp\u00e9riences diff\u00e9renciantes aux \u00e9tudiants. Retrouvez les entreprises lors de notre prochaine journ\u00e9e portes-ouvertes au Golf International de Roissy (PGA).<\/p>\t\t\t\t\t\t<\/div>\n\t\t\t\t<\/div>\n\t\t\t\t<\/div>\n\t\t\t\t\t<\/div>\n\t\t\t\t<\/div>\n\t\t\t\t<\/div>\n\t\t","protected":false},"excerpt":{"rendered":"<p>le r\u00e9seau PGB School Le r\u00e9seau international Avec une immersion \u00e0 l\u2019\u00e9tranger chaque ann\u00e9e, nos \u00e9tudiants ont l\u2019opportunit\u00e9 de se c\u00f4toyer de pr\u00e8s des entrepreneurs qui repr\u00e9sentent le monde des affaires \u00e0 l\u2019international, comme des professionnels du golf du monde entier. Duba\u00ef, USA, Royaume-Unis, et Europe sont les destinations phares de la PGB School qui [&hellip;]<\/p>\n","protected":false},"author":4,"featured_media":0,"parent":0,"menu_order":0,"comment_status":"closed","ping_status":"closed","template":"","meta":{"_eb_attr":"","content-type":"","footnotes":""},"class_list":["post-678","page","type-page","status-publish","hentry"],"yoast_head":"<!-- This site is optimized with the Yoast SEO plugin v24.4 - https:\/\/yoast.com\/wordpress\/plugins\/seo\/ -->\n<title>Le r\u00e9seau PGB School - PGB School<\/title>\n<meta name=\"robots\" content=\"index, follow, max-snippet:-1, max-image-preview:large, max-video-preview:-1\" \/>\n<link rel=\"canonical\" href=\"https:\/\/golfbusiness-school.com\/fr\/le-reseau-pgb-school\/\" \/>\n<meta property=\"og:locale\" content=\"fr_FR\" \/>\n<meta property=\"og:type\" content=\"article\" \/>\n<meta property=\"og:title\" content=\"Le r\u00e9seau PGB School - PGB School\" \/>\n<meta property=\"og:description\" content=\"le r\u00e9seau PGB School Le r\u00e9seau international Avec une immersion \u00e0 l\u2019\u00e9tranger chaque ann\u00e9e, nos \u00e9tudiants ont l\u2019opportunit\u00e9 de se c\u00f4toyer de pr\u00e8s des entrepreneurs qui repr\u00e9sentent le monde des affaires \u00e0 l\u2019international, comme des professionnels du golf du monde entier. Duba\u00ef, USA, Royaume-Unis, et Europe sont les destinations phares de la PGB School qui [&hellip;]\" \/>\n<meta property=\"og:url\" content=\"https:\/\/golfbusiness-school.com\/fr\/le-reseau-pgb-school\/\" \/>\n<meta property=\"og:site_name\" content=\"PGB School\" \/>\n<meta property=\"article:modified_time\" content=\"2024-11-07T11:39:26+00:00\" \/>\n<meta property=\"og:image\" content=\"http:\/\/golfbusiness-school.com\/wp-content\/uploads\/2024\/11\/the-photo-of-successful-team-global-business-partn-2023-11-27-05-22-51-utc-1-2048x1367-1.jpg\" \/>\n<meta name=\"twitter:card\" content=\"summary_large_image\" \/>\n<meta name=\"twitter:label1\" content=\"Dur\u00e9e de lecture estim\u00e9e\" \/>\n\t<meta name=\"twitter:data1\" content=\"2 minutes\" \/>\n<script type=\"application\/ld+json\" class=\"yoast-schema-graph\">{\"@context\":\"https:\/\/schema.org\",\"@graph\":[{\"@type\":\"WebPage\",\"@id\":\"https:\/\/golfbusiness-school.com\/fr\/le-reseau-pgb-school\/\",\"url\":\"https:\/\/golfbusiness-school.com\/fr\/le-reseau-pgb-school\/\",\"name\":\"Le r\u00e9seau PGB School - PGB School\",\"isPartOf\":{\"@id\":\"https:\/\/golfbusiness-school.com\/#website\"},\"primaryImageOfPage\":{\"@id\":\"https:\/\/golfbusiness-school.com\/fr\/le-reseau-pgb-school\/#primaryimage\"},\"image\":{\"@id\":\"https:\/\/golfbusiness-school.com\/fr\/le-reseau-pgb-school\/#primaryimage\"},\"thumbnailUrl\":\"http:\/\/golfbusiness-school.com\/wp-content\/uploads\/2024\/11\/the-photo-of-successful-team-global-business-partn-2023-11-27-05-22-51-utc-1-2048x1367-1.jpg\",\"datePublished\":\"2024-11-07T10:54:20+00:00\",\"dateModified\":\"2024-11-07T11:39:26+00:00\",\"breadcrumb\":{\"@id\":\"https:\/\/golfbusiness-school.com\/fr\/le-reseau-pgb-school\/#breadcrumb\"},\"inLanguage\":\"fr-FR\",\"potentialAction\":[{\"@type\":\"ReadAction\",\"target\":[\"https:\/\/golfbusiness-school.com\/fr\/le-reseau-pgb-school\/\"]}]},{\"@type\":\"ImageObject\",\"inLanguage\":\"fr-FR\",\"@id\":\"https:\/\/golfbusiness-school.com\/fr\/le-reseau-pgb-school\/#primaryimage\",\"url\":\"http:\/\/golfbusiness-school.com\/wp-content\/uploads\/2024\/11\/the-photo-of-successful-team-global-business-partn-2023-11-27-05-22-51-utc-1-2048x1367-1.jpg\",\"contentUrl\":\"http:\/\/golfbusiness-school.com\/wp-content\/uploads\/2024\/11\/the-photo-of-successful-team-global-business-partn-2023-11-27-05-22-51-utc-1-2048x1367-1.jpg\"},{\"@type\":\"BreadcrumbList\",\"@id\":\"https:\/\/golfbusiness-school.com\/fr\/le-reseau-pgb-school\/#breadcrumb\",\"itemListElement\":[{\"@type\":\"ListItem\",\"position\":1,\"name\":\"Accueil\",\"item\":\"https:\/\/golfbusiness-school.com\/fr\/\"},{\"@type\":\"ListItem\",\"position\":2,\"name\":\"Le r\u00e9seau PGB School\"}]},{\"@type\":\"WebSite\",\"@id\":\"https:\/\/golfbusiness-school.com\/#website\",\"url\":\"https:\/\/golfbusiness-school.com\/\",\"name\":\"PGB School\",\"description\":\"International Golf Business School\",\"publisher\":{\"@id\":\"https:\/\/golfbusiness-school.com\/#organization\"},\"potentialAction\":[{\"@type\":\"SearchAction\",\"target\":{\"@type\":\"EntryPoint\",\"urlTemplate\":\"https:\/\/golfbusiness-school.com\/?s={search_term_string}\"},\"query-input\":{\"@type\":\"PropertyValueSpecification\",\"valueRequired\":true,\"valueName\":\"search_term_string\"}}],\"inLanguage\":\"fr-FR\"},{\"@type\":\"Organization\",\"@id\":\"https:\/\/golfbusiness-school.com\/#organization\",\"name\":\"PGB School\",\"url\":\"https:\/\/golfbusiness-school.com\/\",\"logo\":{\"@type\":\"ImageObject\",\"inLanguage\":\"fr-FR\",\"@id\":\"https:\/\/golfbusiness-school.com\/#\/schema\/logo\/image\/\",\"url\":\"https:\/\/golfbusiness-school.com\/wp-content\/uploads\/2024\/10\/logo-paris-golf-business-school.svg\",\"contentUrl\":\"https:\/\/golfbusiness-school.com\/wp-content\/uploads\/2024\/10\/logo-paris-golf-business-school.svg\",\"width\":1000,\"height\":216,\"caption\":\"PGB School\"},\"image\":{\"@id\":\"https:\/\/golfbusiness-school.com\/#\/schema\/logo\/image\/\"}}]}<\/script>\n<!-- \/ Yoast SEO plugin. -->","yoast_head_json":{"title":"Le r\u00e9seau PGB School - PGB School","robots":{"index":"index","follow":"follow","max-snippet":"max-snippet:-1","max-image-preview":"max-image-preview:large","max-video-preview":"max-video-preview:-1"},"canonical":"https:\/\/golfbusiness-school.com\/fr\/le-reseau-pgb-school\/","og_locale":"fr_FR","og_type":"article","og_title":"Le r\u00e9seau PGB School - PGB School","og_description":"le r\u00e9seau PGB School Le r\u00e9seau international Avec une immersion \u00e0 l\u2019\u00e9tranger chaque ann\u00e9e, nos \u00e9tudiants ont l\u2019opportunit\u00e9 de se c\u00f4toyer de pr\u00e8s des entrepreneurs qui repr\u00e9sentent le monde des affaires \u00e0 l\u2019international, comme des professionnels du golf du monde entier. Duba\u00ef, USA, Royaume-Unis, et Europe sont les destinations phares de la PGB School qui [&hellip;]","og_url":"https:\/\/golfbusiness-school.com\/fr\/le-reseau-pgb-school\/","og_site_name":"PGB School","article_modified_time":"2024-11-07T11:39:26+00:00","og_image":[{"url":"http:\/\/golfbusiness-school.com\/wp-content\/uploads\/2024\/11\/the-photo-of-successful-team-global-business-partn-2023-11-27-05-22-51-utc-1-2048x1367-1.jpg","type":"","width":"","height":""}],"twitter_card":"summary_large_image","twitter_misc":{"Dur\u00e9e de lecture estim\u00e9e":"2 minutes"},"schema":{"@context":"https:\/\/schema.org","@graph":[{"@type":"WebPage","@id":"https:\/\/golfbusiness-school.com\/fr\/le-reseau-pgb-school\/","url":"https:\/\/golfbusiness-school.com\/fr\/le-reseau-pgb-school\/","name":"Le r\u00e9seau PGB School - PGB School","isPartOf":{"@id":"https:\/\/golfbusiness-school.com\/#website"},"primaryImageOfPage":{"@id":"https:\/\/golfbusiness-school.com\/fr\/le-reseau-pgb-school\/#primaryimage"},"image":{"@id":"https:\/\/golfbusiness-school.com\/fr\/le-reseau-pgb-school\/#primaryimage"},"thumbnailUrl":"http:\/\/golfbusiness-school.com\/wp-content\/uploads\/2024\/11\/the-photo-of-successful-team-global-business-partn-2023-11-27-05-22-51-utc-1-2048x1367-1.jpg","datePublished":"2024-11-07T10:54:20+00:00","dateModified":"2024-11-07T11:39:26+00:00","breadcrumb":{"@id":"https:\/\/golfbusiness-school.com\/fr\/le-reseau-pgb-school\/#breadcrumb"},"inLanguage":"fr-FR","potentialAction":[{"@type":"ReadAction","target":["https:\/\/golfbusiness-school.com\/fr\/le-reseau-pgb-school\/"]}]},{"@type":"ImageObject","inLanguage":"fr-FR","@id":"https:\/\/golfbusiness-school.com\/fr\/le-reseau-pgb-school\/#primaryimage","url":"http:\/\/golfbusiness-school.com\/wp-content\/uploads\/2024\/11\/the-photo-of-successful-team-global-business-partn-2023-11-27-05-22-51-utc-1-2048x1367-1.jpg","contentUrl":"http:\/\/golfbusiness-school.com\/wp-content\/uploads\/2024\/11\/the-photo-of-successful-team-global-business-partn-2023-11-27-05-22-51-utc-1-2048x1367-1.jpg"},{"@type":"BreadcrumbList","@id":"https:\/\/golfbusiness-school.com\/fr\/le-reseau-pgb-school\/#breadcrumb","itemListElement":[{"@type":"ListItem","position":1,"name":"Accueil","item":"https:\/\/golfbusiness-school.com\/fr\/"},{"@type":"ListItem","position":2,"name":"Le r\u00e9seau PGB School"}]},{"@type":"WebSite","@id":"https:\/\/golfbusiness-school.com\/#website","url":"https:\/\/golfbusiness-school.com\/","name":"PGB School","description":"International Golf Business School","publisher":{"@id":"https:\/\/golfbusiness-school.com\/#organization"},"potentialAction":[{"@type":"SearchAction","target":{"@type":"EntryPoint","urlTemplate":"https:\/\/golfbusiness-school.com\/?s={search_term_string}"},"query-input":{"@type":"PropertyValueSpecification","valueRequired":true,"valueName":"search_term_string"}}],"inLanguage":"fr-FR"},{"@type":"Organization","@id":"https:\/\/golfbusiness-school.com\/#organization","name":"PGB School","url":"https:\/\/golfbusiness-school.com\/","logo":{"@type":"ImageObject","inLanguage":"fr-FR","@id":"https:\/\/golfbusiness-school.com\/#\/schema\/logo\/image\/","url":"https:\/\/golfbusiness-school.com\/wp-content\/uploads\/2024\/10\/logo-paris-golf-business-school.svg","contentUrl":"https:\/\/golfbusiness-school.com\/wp-content\/uploads\/2024\/10\/logo-paris-golf-business-school.svg","width":1000,"height":216,"caption":"PGB School"},"image":{"@id":"https:\/\/golfbusiness-school.com\/#\/schema\/logo\/image\/"}}]}},"_links":{"self":[{"href":"https:\/\/golfbusiness-school.com\/fr\/wp-json\/wp\/v2\/pages\/678","targetHints":{"allow":["GET"]}}],"collection":[{"href":"https:\/\/golfbusiness-school.com\/fr\/wp-json\/wp\/v2\/pages"}],"about":[{"href":"https:\/\/golfbusiness-school.com\/fr\/wp-json\/wp\/v2\/types\/page"}],"author":[{"embeddable":true,"href":"https:\/\/golfbusiness-school.com\/fr\/wp-json\/wp\/v2\/users\/4"}],"replies":[{"embeddable":true,"href":"https:\/\/golfbusiness-school.com\/fr\/wp-json\/wp\/v2\/comments?post=678"}],"version-history":[{"count":0,"href":"https:\/\/golfbusiness-school.com\/fr\/wp-json\/wp\/v2\/pages\/678\/revisions"}],"wp:attachment":[{"href":"https:\/\/golfbusiness-school.com\/fr\/wp-json\/wp\/v2\/media?parent=678"}],"curies":[{"name":"wp","href":"https:\/\/api.w.org\/{rel}","templated":true}]}}