{"id":653,"date":"2024-11-07T11:18:50","date_gmt":"2024-11-07T10:18:50","guid":{"rendered":"https:\/\/golfbusiness-school.com\/?page_id=653"},"modified":"2024-11-07T11:41:19","modified_gmt":"2024-11-07T10:41:19","slug":"le-parcours-international-2","status":"publish","type":"page","link":"https:\/\/golfbusiness-school.com\/fr\/le-parcours-international-2\/","title":{"rendered":"Le parcours international"},"content":{"rendered":"\t\t<div data-elementor-type=\"wp-page\" data-elementor-id=\"653\" class=\"elementor elementor-653\" data-elementor-post-type=\"page\">\n\t\t\t\t<div class=\"elementor-element elementor-element-7f43284 e-flex e-con-boxed e-con e-parent\" data-id=\"7f43284\" data-element_type=\"container\" data-settings=\"{&quot;background_background&quot;:&quot;classic&quot;}\">\n\t\t\t\t\t<div class=\"e-con-inner\">\n\t\t\t\t<div class=\"elementor-element elementor-element-6e32d9c elementor-widget elementor-widget-spacer\" data-id=\"6e32d9c\" data-element_type=\"widget\" data-widget_type=\"spacer.default\">\n\t\t\t\t<div class=\"elementor-widget-container\">\n\t\t\t\t\t<div class=\"elementor-spacer\">\n\t\t\t<div class=\"elementor-spacer-inner\"><\/div>\n\t\t<\/div>\n\t\t\t\t<\/div>\n\t\t\t\t<\/div>\n\t\t\t\t\t<\/div>\n\t\t\t\t<\/div>\n\t\t<div class=\"elementor-element elementor-element-18586dd e-flex e-con-boxed e-con e-parent\" data-id=\"18586dd\" data-element_type=\"container\" data-settings=\"{&quot;background_background&quot;:&quot;classic&quot;}\">\n\t\t\t\t\t<div class=\"e-con-inner\">\n\t\t<div class=\"elementor-element elementor-element-908c0d9 e-con-full e-flex e-con e-child\" data-id=\"908c0d9\" data-element_type=\"container\">\n\t\t\t\t<div class=\"elementor-element elementor-element-ef4bf5f elementor-widget elementor-widget-heading\" data-id=\"ef4bf5f\" data-element_type=\"widget\" data-widget_type=\"heading.default\">\n\t\t\t\t<div class=\"elementor-widget-container\">\n\t\t\t<h1 class=\"elementor-heading-title elementor-size-default\">Le parcours international<\/h1>\t\t<\/div>\n\t\t\t\t<\/div>\n\t\t\t\t<div class=\"elementor-element elementor-element-312cade elementor-widget elementor-widget-heading\" data-id=\"312cade\" data-element_type=\"widget\" data-widget_type=\"heading.default\">\n\t\t\t\t<div class=\"elementor-widget-container\">\n\t\t\t<h2 class=\"elementor-heading-title elementor-size-default\">S\u2019immerger chaque ann\u00e9e \u00e0 l\u2019\u00e9tranger pour progresser !<\/h2>\t\t<\/div>\n\t\t\t\t<\/div>\n\t\t\t\t<div class=\"elementor-element elementor-element-2211b13 elementor-widget elementor-widget-text-editor\" data-id=\"2211b13\" data-element_type=\"widget\" data-widget_type=\"text-editor.default\">\n\t\t\t\t<div class=\"elementor-widget-container\">\n\t\t\t\t\t\t\tSport individuel le plus pratiqu\u00e9 dans le monde, le golf relie les continents et les cultures. Des \u00c9tats-Unis au Japon, en passant par l\u2019Afrique du Sud, les plus grands circuits professionnels t\u00e9moignent de son caract\u00e8re international.\n\nLa Paris Golf Business School a fait de l\u2019ouverture internationale l\u2019une de ses valeurs fondamentales. En accueillant des \u00e9tudiants du monde entier, en dispensant ses cours en anglais et en organisant des s\u00e9jours d\u2019\u00e9tude \u00e0 l\u2019\u00e9tranger, l\u2019\u00e9cole forme des futurs professionnels pr\u00eats \u00e0 s\u2019imposer sur la sc\u00e8ne internationale du golf.\t\t\t\t\t\t<\/div>\n\t\t\t\t<\/div>\n\t\t\t\t<\/div>\n\t\t<div class=\"elementor-element elementor-element-82ce2cc e-con-full e-flex e-con e-child\" data-id=\"82ce2cc\" data-element_type=\"container\">\n\t\t\t\t<div class=\"elementor-element elementor-element-6b5c276 elementor-widget elementor-widget-image\" data-id=\"6b5c276\" data-element_type=\"widget\" data-widget_type=\"image.default\">\n\t\t\t\t<div class=\"elementor-widget-container\">\n\t\t\t\t\t\t\t\t\t\t\t\t\t<img fetchpriority=\"high\" decoding=\"async\" width=\"1800\" height=\"1014\" src=\"https:\/\/golfbusiness-school.com\/wp-content\/uploads\/2024\/11\/BRITISH.jpg\" class=\"attachment-full size-full wp-image-667\" alt=\"\" srcset=\"https:\/\/golfbusiness-school.com\/wp-content\/uploads\/2024\/11\/BRITISH.jpg 1800w, https:\/\/golfbusiness-school.com\/wp-content\/uploads\/2024\/11\/BRITISH-300x169.jpg 300w, https:\/\/golfbusiness-school.com\/wp-content\/uploads\/2024\/11\/BRITISH-1024x577.jpg 1024w, https:\/\/golfbusiness-school.com\/wp-content\/uploads\/2024\/11\/BRITISH-768x433.jpg 768w, https:\/\/golfbusiness-school.com\/wp-content\/uploads\/2024\/11\/BRITISH-1536x865.jpg 1536w\" sizes=\"(max-width: 1800px) 100vw, 1800px\" \/>\t\t\t\t\t\t\t\t\t\t\t\t\t<\/div>\n\t\t\t\t<\/div>\n\t\t\t\t<div class=\"elementor-element elementor-element-c7ec52f elementor-widget elementor-widget-heading\" data-id=\"c7ec52f\" data-element_type=\"widget\" data-widget_type=\"heading.default\">\n\t\t\t\t<div class=\"elementor-widget-container\">\n\t\t\t<h2 class=\"elementor-heading-title elementor-size-default\">THE BRITISH EXPERIENCE<\/h2>\t\t<\/div>\n\t\t\t\t<\/div>\n\t\t\t\t<div class=\"elementor-element elementor-element-0329db2 elementor-widget elementor-widget-text-editor\" data-id=\"0329db2\" data-element_type=\"widget\" id=\"sportif\" data-widget_type=\"text-editor.default\">\n\t\t\t\t<div class=\"elementor-widget-container\">\n\t\t\t\t\t\t\t<p>N\u00e9 en \u00c9cosse en 1754 au sein du Royal &amp; Ancient Golf Club de Saint Andrews, le golf trouve ses racines dans ce pays. C\u2019est donc tout naturellement que nous proposons \u00e0 nos \u00e9tudiants de s\u2019immerger dans le berceau de leur passion.<\/p><p>Comme en France, en dehors du break, les journ\u00e9es sont organis\u00e9es en demi-journ\u00e9e d\u00e9di\u00e9es au golf et au cours de langues. Les \u00e9tudiants de PGB School auront l\u2019opportunit\u00e9 de jouer quelques-uns des parcours les plus anciens du monde.<\/p>\t\t\t\t\t\t<\/div>\n\t\t\t\t<\/div>\n\t\t\t\t<\/div>\n\t\t<div class=\"elementor-element elementor-element-049ab56 e-con-full e-flex e-con e-child\" data-id=\"049ab56\" data-element_type=\"container\">\n\t\t\t\t<div class=\"elementor-element elementor-element-31e4e8d elementor-widget elementor-widget-image\" data-id=\"31e4e8d\" data-element_type=\"widget\" data-widget_type=\"image.default\">\n\t\t\t\t<div class=\"elementor-widget-container\">\n\t\t\t\t\t\t\t\t\t\t\t\t\t<img decoding=\"async\" width=\"1800\" height=\"1014\" src=\"https:\/\/golfbusiness-school.com\/wp-content\/uploads\/2024\/11\/DUBAI.jpg\" class=\"attachment-full size-full wp-image-668\" alt=\"\" srcset=\"https:\/\/golfbusiness-school.com\/wp-content\/uploads\/2024\/11\/DUBAI.jpg 1800w, https:\/\/golfbusiness-school.com\/wp-content\/uploads\/2024\/11\/DUBAI-300x169.jpg 300w, https:\/\/golfbusiness-school.com\/wp-content\/uploads\/2024\/11\/DUBAI-1024x577.jpg 1024w, https:\/\/golfbusiness-school.com\/wp-content\/uploads\/2024\/11\/DUBAI-768x433.jpg 768w, https:\/\/golfbusiness-school.com\/wp-content\/uploads\/2024\/11\/DUBAI-1536x865.jpg 1536w\" sizes=\"(max-width: 1800px) 100vw, 1800px\" \/>\t\t\t\t\t\t\t\t\t\t\t\t\t<\/div>\n\t\t\t\t<\/div>\n\t\t\t\t<div class=\"elementor-element elementor-element-8059903 elementor-widget elementor-widget-heading\" data-id=\"8059903\" data-element_type=\"widget\" data-widget_type=\"heading.default\">\n\t\t\t\t<div class=\"elementor-widget-container\">\n\t\t\t<h2 class=\"elementor-heading-title elementor-size-default\">DUBA\u00cf, LE NOUVEL ELDORADO\n<\/h2>\t\t<\/div>\n\t\t\t\t<\/div>\n\t\t\t\t<div class=\"elementor-element elementor-element-b98b92e elementor-widget elementor-widget-text-editor\" data-id=\"b98b92e\" data-element_type=\"widget\" data-widget_type=\"text-editor.default\">\n\t\t\t\t<div class=\"elementor-widget-container\">\n\t\t\t\t\t\t\t<p class=\"has-text-dark-color has-text-color has-link-color wp-elements-1ea38b365e0a21881ce1909506088b00\">Duba\u00ef s\u2019est impos\u00e9e ces derni\u00e8res ann\u00e9es comme une r\u00e9f\u00e9rence mondiale du golf, notamment en accueillant la finale du DP World Tour. Surnomm\u00e9e le \u2018Tigre du Golfe\u2019, cette ville attire les golfeurs du monde entier gr\u00e2ce \u00e0 son climat exceptionnel et ses infrastructures de premier ordre.<\/p><p class=\"has-text-dark-color has-text-color has-link-color wp-elements-483b0ddde69b79e884be7ca3b1eef299\">Un immersion assur\u00e9ment tourn\u00e9e vers la d\u00e9couverte des richesses du Moyen-Orient.<\/p>\t\t\t\t\t\t<\/div>\n\t\t\t\t<\/div>\n\t\t\t\t<\/div>\n\t\t<div class=\"elementor-element elementor-element-8c846f5 e-con-full e-flex e-con e-child\" data-id=\"8c846f5\" data-element_type=\"container\">\n\t\t\t\t<div class=\"elementor-element elementor-element-7237b0a elementor-widget elementor-widget-image\" data-id=\"7237b0a\" data-element_type=\"widget\" data-widget_type=\"image.default\">\n\t\t\t\t<div class=\"elementor-widget-container\">\n\t\t\t\t\t\t\t\t\t\t\t\t\t<img decoding=\"async\" width=\"1800\" height=\"1014\" src=\"https:\/\/golfbusiness-school.com\/wp-content\/uploads\/2024\/11\/RYDER-CUP.jpg\" class=\"attachment-full size-full wp-image-672\" alt=\"\" srcset=\"https:\/\/golfbusiness-school.com\/wp-content\/uploads\/2024\/11\/RYDER-CUP.jpg 1800w, https:\/\/golfbusiness-school.com\/wp-content\/uploads\/2024\/11\/RYDER-CUP-300x169.jpg 300w, https:\/\/golfbusiness-school.com\/wp-content\/uploads\/2024\/11\/RYDER-CUP-1024x577.jpg 1024w, https:\/\/golfbusiness-school.com\/wp-content\/uploads\/2024\/11\/RYDER-CUP-768x433.jpg 768w, https:\/\/golfbusiness-school.com\/wp-content\/uploads\/2024\/11\/RYDER-CUP-1536x865.jpg 1536w\" sizes=\"(max-width: 1800px) 100vw, 1800px\" \/>\t\t\t\t\t\t\t\t\t\t\t\t\t<\/div>\n\t\t\t\t<\/div>\n\t\t\t\t<div class=\"elementor-element elementor-element-39cbb4e elementor-widget elementor-widget-heading\" data-id=\"39cbb4e\" data-element_type=\"widget\" data-widget_type=\"heading.default\">\n\t\t\t\t<div class=\"elementor-widget-container\">\n\t\t\t<h2 class=\"elementor-heading-title elementor-size-default\">THE RYDER CUP\n<\/h2>\t\t<\/div>\n\t\t\t\t<\/div>\n\t\t\t\t<div class=\"elementor-element elementor-element-f426c78 elementor-widget elementor-widget-text-editor\" data-id=\"f426c78\" data-element_type=\"widget\" data-widget_type=\"text-editor.default\">\n\t\t\t\t<div class=\"elementor-widget-container\">\n\t\t\t\t\t\t\t<p>V\u00e9ritable institution du golf mondial, la Ryder Cup oppose tous les deux ans les meilleurs golfeurs europ\u00e9ens et am\u00e9ricains. Pour leur troisi\u00e8me ann\u00e9e d\u2019\u00e9tudes, les \u00e9tudiants de la PGB School auront le privil\u00e8ge de d\u00e9couvrir certains des parcours mythiques ayant accueilli cette comp\u00e9tition.<br \/>Divis\u00e9 en deux \u00e9tapes de trois semaines chacune, ce Golf Trip emm\u00e8ne les \u00e9tudiants \u00e0 la d\u00e9couverte de deux pays europ\u00e9ens et de leurs parcours embl\u00e9matiques. Les \u00e9tudiants d\u00e9marre par l\u2019Andalousie, sur le mythique parcours de Valderrama, h\u00f4te de la Ryder Cup en 1997, avant de rejoindre l\u2019Italie pour jouer sur le parcours du Marco Simone Golf &amp; Country Club. Ce s\u00e9jour est l\u2019occasion pour les \u00e9tudiants de travailler sp\u00e9cifiquement leur jeu court, notamment le chipping et le wedging. Ils mettront \u00e9galement en pratique leurs comp\u00e9tences num\u00e9riques en cr\u00e9ant un vlog pour partager leur exp\u00e9rience.<\/p>\t\t\t\t\t\t<\/div>\n\t\t\t\t<\/div>\n\t\t\t\t<\/div>\n\t\t<div class=\"elementor-element elementor-element-e6a8543 e-con-full e-flex e-con e-child\" data-id=\"e6a8543\" data-element_type=\"container\">\n\t\t\t\t<div class=\"elementor-element elementor-element-2d60fb8 elementor-widget elementor-widget-image\" data-id=\"2d60fb8\" data-element_type=\"widget\" data-widget_type=\"image.default\">\n\t\t\t\t<div class=\"elementor-widget-container\">\n\t\t\t\t\t\t\t\t\t\t\t\t\t<img loading=\"lazy\" decoding=\"async\" width=\"1800\" height=\"1014\" src=\"https:\/\/golfbusiness-school.com\/wp-content\/uploads\/2024\/11\/USA.jpg\" class=\"attachment-full size-full wp-image-673\" alt=\"\" srcset=\"https:\/\/golfbusiness-school.com\/wp-content\/uploads\/2024\/11\/USA.jpg 1800w, https:\/\/golfbusiness-school.com\/wp-content\/uploads\/2024\/11\/USA-300x169.jpg 300w, https:\/\/golfbusiness-school.com\/wp-content\/uploads\/2024\/11\/USA-1024x577.jpg 1024w, https:\/\/golfbusiness-school.com\/wp-content\/uploads\/2024\/11\/USA-768x433.jpg 768w, https:\/\/golfbusiness-school.com\/wp-content\/uploads\/2024\/11\/USA-1536x865.jpg 1536w\" sizes=\"(max-width: 1800px) 100vw, 1800px\" \/>\t\t\t\t\t\t\t\t\t\t\t\t\t<\/div>\n\t\t\t\t<\/div>\n\t\t\t\t<div class=\"elementor-element elementor-element-6802070 elementor-widget elementor-widget-heading\" data-id=\"6802070\" data-element_type=\"widget\" data-widget_type=\"heading.default\">\n\t\t\t\t<div class=\"elementor-widget-container\">\n\t\t\t<h2 class=\"elementor-heading-title elementor-size-default\">USA, USA, USA !\n<\/h2>\t\t<\/div>\n\t\t\t\t<\/div>\n\t\t\t\t<div class=\"elementor-element elementor-element-07f1165 elementor-widget elementor-widget-text-editor\" data-id=\"07f1165\" data-element_type=\"widget\" data-widget_type=\"text-editor.default\">\n\t\t\t\t<div class=\"elementor-widget-container\">\n\t\t\t\t\t\t\t<p>Les \u00c9tats-Unis, berceau de grands champions et de parcours l\u00e9gendaires, sont la destination id\u00e9ale pour cl\u00f4turer en beaut\u00e9 le cursus.<br \/>Au programme de ce Golf Trip : perfectionnement technique, \u00e9changes avec des professionnels et immersion dans la culture am\u00e9ricaine. Pour c\u00e9l\u00e9brer la fin de leurs \u00e9tudes, l\u2019ensemble de la promotion sera convi\u00e9 \u00e0 un d\u00eener de gala, o\u00f9 la major de promo aura l\u2019honneur de choisir le menu. C\u2019est \u00e9galement lors de cet \u00e9v\u00e9nement que les \u00e9tudiants re\u00e7oivent leur dipl\u00f4me \u00e0 travers la traditionnelle \u201cGraduation Ceremony\u201d.<\/p>\t\t\t\t\t\t<\/div>\n\t\t\t\t<\/div>\n\t\t\t\t<\/div>\n\t\t\t\t\t<\/div>\n\t\t\t\t<\/div>\n\t\t\t\t<\/div>\n\t\t","protected":false},"excerpt":{"rendered":"<p>Le parcours international S\u2019immerger chaque ann\u00e9e \u00e0 l\u2019\u00e9tranger pour progresser ! Sport individuel le plus pratiqu\u00e9 dans le monde, le golf relie les continents et les cultures. Des \u00c9tats-Unis au Japon, en passant par l\u2019Afrique du Sud, les plus grands circuits professionnels t\u00e9moignent de son caract\u00e8re international. La Paris Golf Business School a fait de [&hellip;]<\/p>\n","protected":false},"author":4,"featured_media":0,"parent":0,"menu_order":0,"comment_status":"closed","ping_status":"closed","template":"","meta":{"_eb_attr":"","content-type":"","footnotes":""},"class_list":["post-653","page","type-page","status-publish","hentry"],"yoast_head":"<!-- This site is optimized with the Yoast SEO plugin v24.4 - https:\/\/yoast.com\/wordpress\/plugins\/seo\/ -->\n<title>Le parcours international - PGB School<\/title>\n<meta name=\"robots\" content=\"index, follow, max-snippet:-1, max-image-preview:large, max-video-preview:-1\" \/>\n<link rel=\"canonical\" href=\"https:\/\/golfbusiness-school.com\/fr\/le-parcours-international-2\/\" \/>\n<meta property=\"og:locale\" content=\"fr_FR\" \/>\n<meta property=\"og:type\" content=\"article\" \/>\n<meta property=\"og:title\" content=\"Le parcours international - PGB School\" \/>\n<meta property=\"og:description\" content=\"Le parcours international S\u2019immerger chaque ann\u00e9e \u00e0 l\u2019\u00e9tranger pour progresser ! Sport individuel le plus pratiqu\u00e9 dans le monde, le golf relie les continents et les cultures. Des \u00c9tats-Unis au Japon, en passant par l\u2019Afrique du Sud, les plus grands circuits professionnels t\u00e9moignent de son caract\u00e8re international. La Paris Golf Business School a fait de [&hellip;]\" \/>\n<meta property=\"og:url\" content=\"https:\/\/golfbusiness-school.com\/fr\/le-parcours-international-2\/\" \/>\n<meta property=\"og:site_name\" content=\"PGB School\" \/>\n<meta property=\"article:modified_time\" content=\"2024-11-07T10:41:19+00:00\" \/>\n<meta property=\"og:image\" content=\"http:\/\/golfbusiness-school.com\/wp-content\/uploads\/2024\/11\/BRITISH.jpg\" \/>\n<meta name=\"twitter:card\" content=\"summary_large_image\" \/>\n<meta name=\"twitter:label1\" content=\"Dur\u00e9e de lecture estim\u00e9e\" \/>\n\t<meta name=\"twitter:data1\" content=\"3 minutes\" \/>\n<script type=\"application\/ld+json\" class=\"yoast-schema-graph\">{\"@context\":\"https:\/\/schema.org\",\"@graph\":[{\"@type\":\"WebPage\",\"@id\":\"https:\/\/golfbusiness-school.com\/fr\/le-parcours-international-2\/\",\"url\":\"https:\/\/golfbusiness-school.com\/fr\/le-parcours-international-2\/\",\"name\":\"Le parcours international - PGB School\",\"isPartOf\":{\"@id\":\"https:\/\/golfbusiness-school.com\/#website\"},\"primaryImageOfPage\":{\"@id\":\"https:\/\/golfbusiness-school.com\/fr\/le-parcours-international-2\/#primaryimage\"},\"image\":{\"@id\":\"https:\/\/golfbusiness-school.com\/fr\/le-parcours-international-2\/#primaryimage\"},\"thumbnailUrl\":\"http:\/\/golfbusiness-school.com\/wp-content\/uploads\/2024\/11\/BRITISH.jpg\",\"datePublished\":\"2024-11-07T10:18:50+00:00\",\"dateModified\":\"2024-11-07T10:41:19+00:00\",\"breadcrumb\":{\"@id\":\"https:\/\/golfbusiness-school.com\/fr\/le-parcours-international-2\/#breadcrumb\"},\"inLanguage\":\"fr-FR\",\"potentialAction\":[{\"@type\":\"ReadAction\",\"target\":[\"https:\/\/golfbusiness-school.com\/fr\/le-parcours-international-2\/\"]}]},{\"@type\":\"ImageObject\",\"inLanguage\":\"fr-FR\",\"@id\":\"https:\/\/golfbusiness-school.com\/fr\/le-parcours-international-2\/#primaryimage\",\"url\":\"http:\/\/golfbusiness-school.com\/wp-content\/uploads\/2024\/11\/BRITISH.jpg\",\"contentUrl\":\"http:\/\/golfbusiness-school.com\/wp-content\/uploads\/2024\/11\/BRITISH.jpg\"},{\"@type\":\"BreadcrumbList\",\"@id\":\"https:\/\/golfbusiness-school.com\/fr\/le-parcours-international-2\/#breadcrumb\",\"itemListElement\":[{\"@type\":\"ListItem\",\"position\":1,\"name\":\"Accueil\",\"item\":\"https:\/\/golfbusiness-school.com\/fr\/\"},{\"@type\":\"ListItem\",\"position\":2,\"name\":\"Le parcours international\"}]},{\"@type\":\"WebSite\",\"@id\":\"https:\/\/golfbusiness-school.com\/#website\",\"url\":\"https:\/\/golfbusiness-school.com\/\",\"name\":\"PGB School\",\"description\":\"International Golf Business School\",\"publisher\":{\"@id\":\"https:\/\/golfbusiness-school.com\/#organization\"},\"potentialAction\":[{\"@type\":\"SearchAction\",\"target\":{\"@type\":\"EntryPoint\",\"urlTemplate\":\"https:\/\/golfbusiness-school.com\/?s={search_term_string}\"},\"query-input\":{\"@type\":\"PropertyValueSpecification\",\"valueRequired\":true,\"valueName\":\"search_term_string\"}}],\"inLanguage\":\"fr-FR\"},{\"@type\":\"Organization\",\"@id\":\"https:\/\/golfbusiness-school.com\/#organization\",\"name\":\"PGB School\",\"url\":\"https:\/\/golfbusiness-school.com\/\",\"logo\":{\"@type\":\"ImageObject\",\"inLanguage\":\"fr-FR\",\"@id\":\"https:\/\/golfbusiness-school.com\/#\/schema\/logo\/image\/\",\"url\":\"https:\/\/golfbusiness-school.com\/wp-content\/uploads\/2024\/10\/logo-paris-golf-business-school.svg\",\"contentUrl\":\"https:\/\/golfbusiness-school.com\/wp-content\/uploads\/2024\/10\/logo-paris-golf-business-school.svg\",\"width\":1000,\"height\":216,\"caption\":\"PGB School\"},\"image\":{\"@id\":\"https:\/\/golfbusiness-school.com\/#\/schema\/logo\/image\/\"}}]}<\/script>\n<!-- \/ Yoast SEO plugin. -->","yoast_head_json":{"title":"Le parcours international - PGB School","robots":{"index":"index","follow":"follow","max-snippet":"max-snippet:-1","max-image-preview":"max-image-preview:large","max-video-preview":"max-video-preview:-1"},"canonical":"https:\/\/golfbusiness-school.com\/fr\/le-parcours-international-2\/","og_locale":"fr_FR","og_type":"article","og_title":"Le parcours international - PGB School","og_description":"Le parcours international S\u2019immerger chaque ann\u00e9e \u00e0 l\u2019\u00e9tranger pour progresser ! Sport individuel le plus pratiqu\u00e9 dans le monde, le golf relie les continents et les cultures. Des \u00c9tats-Unis au Japon, en passant par l\u2019Afrique du Sud, les plus grands circuits professionnels t\u00e9moignent de son caract\u00e8re international. La Paris Golf Business School a fait de [&hellip;]","og_url":"https:\/\/golfbusiness-school.com\/fr\/le-parcours-international-2\/","og_site_name":"PGB School","article_modified_time":"2024-11-07T10:41:19+00:00","og_image":[{"url":"http:\/\/golfbusiness-school.com\/wp-content\/uploads\/2024\/11\/BRITISH.jpg","type":"","width":"","height":""}],"twitter_card":"summary_large_image","twitter_misc":{"Dur\u00e9e de lecture estim\u00e9e":"3 minutes"},"schema":{"@context":"https:\/\/schema.org","@graph":[{"@type":"WebPage","@id":"https:\/\/golfbusiness-school.com\/fr\/le-parcours-international-2\/","url":"https:\/\/golfbusiness-school.com\/fr\/le-parcours-international-2\/","name":"Le parcours international - PGB School","isPartOf":{"@id":"https:\/\/golfbusiness-school.com\/#website"},"primaryImageOfPage":{"@id":"https:\/\/golfbusiness-school.com\/fr\/le-parcours-international-2\/#primaryimage"},"image":{"@id":"https:\/\/golfbusiness-school.com\/fr\/le-parcours-international-2\/#primaryimage"},"thumbnailUrl":"http:\/\/golfbusiness-school.com\/wp-content\/uploads\/2024\/11\/BRITISH.jpg","datePublished":"2024-11-07T10:18:50+00:00","dateModified":"2024-11-07T10:41:19+00:00","breadcrumb":{"@id":"https:\/\/golfbusiness-school.com\/fr\/le-parcours-international-2\/#breadcrumb"},"inLanguage":"fr-FR","potentialAction":[{"@type":"ReadAction","target":["https:\/\/golfbusiness-school.com\/fr\/le-parcours-international-2\/"]}]},{"@type":"ImageObject","inLanguage":"fr-FR","@id":"https:\/\/golfbusiness-school.com\/fr\/le-parcours-international-2\/#primaryimage","url":"http:\/\/golfbusiness-school.com\/wp-content\/uploads\/2024\/11\/BRITISH.jpg","contentUrl":"http:\/\/golfbusiness-school.com\/wp-content\/uploads\/2024\/11\/BRITISH.jpg"},{"@type":"BreadcrumbList","@id":"https:\/\/golfbusiness-school.com\/fr\/le-parcours-international-2\/#breadcrumb","itemListElement":[{"@type":"ListItem","position":1,"name":"Accueil","item":"https:\/\/golfbusiness-school.com\/fr\/"},{"@type":"ListItem","position":2,"name":"Le parcours international"}]},{"@type":"WebSite","@id":"https:\/\/golfbusiness-school.com\/#website","url":"https:\/\/golfbusiness-school.com\/","name":"PGB School","description":"International Golf Business School","publisher":{"@id":"https:\/\/golfbusiness-school.com\/#organization"},"potentialAction":[{"@type":"SearchAction","target":{"@type":"EntryPoint","urlTemplate":"https:\/\/golfbusiness-school.com\/?s={search_term_string}"},"query-input":{"@type":"PropertyValueSpecification","valueRequired":true,"valueName":"search_term_string"}}],"inLanguage":"fr-FR"},{"@type":"Organization","@id":"https:\/\/golfbusiness-school.com\/#organization","name":"PGB School","url":"https:\/\/golfbusiness-school.com\/","logo":{"@type":"ImageObject","inLanguage":"fr-FR","@id":"https:\/\/golfbusiness-school.com\/#\/schema\/logo\/image\/","url":"https:\/\/golfbusiness-school.com\/wp-content\/uploads\/2024\/10\/logo-paris-golf-business-school.svg","contentUrl":"https:\/\/golfbusiness-school.com\/wp-content\/uploads\/2024\/10\/logo-paris-golf-business-school.svg","width":1000,"height":216,"caption":"PGB School"},"image":{"@id":"https:\/\/golfbusiness-school.com\/#\/schema\/logo\/image\/"}}]}},"_links":{"self":[{"href":"https:\/\/golfbusiness-school.com\/fr\/wp-json\/wp\/v2\/pages\/653","targetHints":{"allow":["GET"]}}],"collection":[{"href":"https:\/\/golfbusiness-school.com\/fr\/wp-json\/wp\/v2\/pages"}],"about":[{"href":"https:\/\/golfbusiness-school.com\/fr\/wp-json\/wp\/v2\/types\/page"}],"author":[{"embeddable":true,"href":"https:\/\/golfbusiness-school.com\/fr\/wp-json\/wp\/v2\/users\/4"}],"replies":[{"embeddable":true,"href":"https:\/\/golfbusiness-school.com\/fr\/wp-json\/wp\/v2\/comments?post=653"}],"version-history":[{"count":0,"href":"https:\/\/golfbusiness-school.com\/fr\/wp-json\/wp\/v2\/pages\/653\/revisions"}],"wp:attachment":[{"href":"https:\/\/golfbusiness-school.com\/fr\/wp-json\/wp\/v2\/media?parent=653"}],"curies":[{"name":"wp","href":"https:\/\/api.w.org\/{rel}","templated":true}]}}