{"id":536,"date":"2024-11-05T22:49:27","date_gmt":"2024-11-05T21:49:27","guid":{"rendered":"https:\/\/golfbusiness-school.com\/?page_id=536"},"modified":"2024-11-21T20:43:58","modified_gmt":"2024-11-21T19:43:58","slug":"le-parcours-academique","status":"publish","type":"page","link":"https:\/\/golfbusiness-school.com\/fr\/le-parcours-academique\/","title":{"rendered":"Le parcours acad\u00e9mique"},"content":{"rendered":"\t\t<div data-elementor-type=\"wp-page\" data-elementor-id=\"536\" class=\"elementor elementor-536\" data-elementor-post-type=\"page\">\n\t\t\t\t<div class=\"elementor-element elementor-element-7f43284 e-flex e-con-boxed e-con e-parent\" data-id=\"7f43284\" data-element_type=\"container\" data-settings=\"{&quot;background_background&quot;:&quot;classic&quot;}\">\n\t\t\t\t\t<div class=\"e-con-inner\">\n\t\t\t\t<div class=\"elementor-element elementor-element-6e32d9c elementor-widget elementor-widget-spacer\" data-id=\"6e32d9c\" data-element_type=\"widget\" data-widget_type=\"spacer.default\">\n\t\t\t\t<div class=\"elementor-widget-container\">\n\t\t\t\t\t<div class=\"elementor-spacer\">\n\t\t\t<div class=\"elementor-spacer-inner\"><\/div>\n\t\t<\/div>\n\t\t\t\t<\/div>\n\t\t\t\t<\/div>\n\t\t\t\t\t<\/div>\n\t\t\t\t<\/div>\n\t\t<div class=\"elementor-element elementor-element-18586dd e-flex e-con-boxed e-con e-parent\" data-id=\"18586dd\" data-element_type=\"container\" data-settings=\"{&quot;background_background&quot;:&quot;classic&quot;}\">\n\t\t\t\t\t<div class=\"e-con-inner\">\n\t\t<div class=\"elementor-element elementor-element-908c0d9 e-con-full e-flex e-con e-child\" data-id=\"908c0d9\" data-element_type=\"container\">\n\t\t\t\t<div class=\"elementor-element elementor-element-ef4bf5f elementor-widget elementor-widget-heading\" data-id=\"ef4bf5f\" data-element_type=\"widget\" data-widget_type=\"heading.default\">\n\t\t\t\t<div class=\"elementor-widget-container\">\n\t\t\t<h1 class=\"elementor-heading-title elementor-size-default\">Le parcours acad\u00e9mique<\/h1>\t\t<\/div>\n\t\t\t\t<\/div>\n\t\t\t\t<div class=\"elementor-element elementor-element-312cade elementor-widget elementor-widget-heading\" data-id=\"312cade\" data-element_type=\"widget\" data-widget_type=\"heading.default\">\n\t\t\t\t<div class=\"elementor-widget-container\">\n\t\t\t<h2 class=\"elementor-heading-title elementor-size-default\">Bachelor IN Business Administration (BBA)<\/h2>\t\t<\/div>\n\t\t\t\t<\/div>\n\t\t\t\t<div class=\"elementor-element elementor-element-2211b13 elementor-widget elementor-widget-text-editor\" data-id=\"2211b13\" data-element_type=\"widget\" data-widget_type=\"text-editor.default\">\n\t\t\t\t<div class=\"elementor-widget-container\">\n\t\t\t\t\t\t\t<div class=\"page\" title=\"Page 5\"><div class=\"section\"><div class=\"layoutArea\"><div class=\"column\"><div class=\"page\" title=\"Page 5\"><div class=\"section\"><div class=\"layoutArea\"><div class=\"column\"><div class=\"page\" title=\"Page 3\"><div class=\"section\"><div class=\"layoutArea\"><div class=\"column\"><p class=\"has-text-dark-color has-text-color has-link-color wp-elements-8b72b60d9644c3b375936a8a75b3766d\">Le Bachelor in Business Administration (bac+4) est un dipl\u00f4me international reconnu par l\u2019Etat, permettant d\u2019acc\u00e9der \u00e0 des fonctions de management g\u00e9n\u00e9ral et de d\u00e9veloppement d\u2019affaires. Associ\u00e9 \u00e0 la culture de l\u2019innovation , le <strong>BBA de la PGB School <\/strong>permet aux \u00e9tudiants de conjuguer une culture g\u00e9n\u00e9rale et \u00e9conomique solide, \u00e0 un savoir-faire entrepreneurial.<\/p><\/div><\/div><\/div><\/div><\/div><\/div><\/div><\/div><\/div><\/div><\/div><\/div>\t\t\t\t\t\t<\/div>\n\t\t\t\t<\/div>\n\t\t\t\t<\/div>\n\t\t<div class=\"elementor-element elementor-element-82ce2cc e-con-full e-flex e-con e-child\" data-id=\"82ce2cc\" data-element_type=\"container\">\n\t\t\t\t<div class=\"elementor-element elementor-element-c7ec52f elementor-widget elementor-widget-heading\" data-id=\"c7ec52f\" data-element_type=\"widget\" data-widget_type=\"heading.default\">\n\t\t\t\t<div class=\"elementor-widget-container\">\n\t\t\t<h2 class=\"elementor-heading-title elementor-size-default\">Le corps enseignants\n\n<\/h2>\t\t<\/div>\n\t\t\t\t<\/div>\n\t\t\t\t<div class=\"elementor-element elementor-element-0329db2 elementor-widget elementor-widget-text-editor\" data-id=\"0329db2\" data-element_type=\"widget\" id=\"sportif\" data-widget_type=\"text-editor.default\">\n\t\t\t\t<div class=\"elementor-widget-container\">\n\t\t\t\t\t\t\t<div class=\"page\" title=\"Page 5\"><div class=\"section\"><div class=\"layoutArea\"><div class=\"column\"><div class=\"page\" title=\"Page 5\"><div class=\"section\"><div class=\"layoutArea\"><div class=\"column\"><div class=\"page\" title=\"Page 3\"><div class=\"section\"><div class=\"layoutArea\"><div class=\"column\"><p class=\"has-text-dark-color has-text-color has-link-color wp-elements-1e915def94059e4930a8afb50b702705\">Le corps enseignant est compos\u00e9 d\u2019une mixit\u00e9 de professeurs acad\u00e9miques et d\u2019experts professionnels. Cette compl\u00e9mentarit\u00e9 vise \u00e0 assurer une forte proximit\u00e9 avec le march\u00e9 de l\u2019entreprise et la r\u00e9alit\u00e9 de l\u2019entrepreneuriat. Les professeurs apportent un socle th\u00e9orique essentiel, tandis que les intervenants issus du monde professionnel partagent leur exp\u00e9rience pratique, leurs d\u00e9fis et les tendances actuelles du secteur. Cette approche garantit aux \u00e9tudiants une formation en phase avec les attentes du march\u00e9 et les pr\u00e9pare aux exigences du monde des affaires.<\/p><\/div><\/div><\/div><\/div><\/div><\/div><\/div><\/div><\/div><\/div><\/div><\/div>\t\t\t\t\t\t<\/div>\n\t\t\t\t<\/div>\n\t\t\t\t<\/div>\n\t\t<div class=\"elementor-element elementor-element-20a0f6a e-con-full e-flex e-con e-child\" data-id=\"20a0f6a\" data-element_type=\"container\">\n\t\t\t\t<div class=\"elementor-element elementor-element-ca22469 elementor-widget elementor-widget-heading\" data-id=\"ca22469\" data-element_type=\"widget\" data-widget_type=\"heading.default\">\n\t\t\t\t<div class=\"elementor-widget-container\">\n\t\t\t<h2 class=\"elementor-heading-title elementor-size-default\">Les mati\u00e8res enseign\u00e9es\n\n<\/h2>\t\t<\/div>\n\t\t\t\t<\/div>\n\t\t\t\t<div class=\"elementor-element elementor-element-4c0efa3 elementor-widget elementor-widget-text-editor\" data-id=\"4c0efa3\" data-element_type=\"widget\" data-widget_type=\"text-editor.default\">\n\t\t\t\t<div class=\"elementor-widget-container\">\n\t\t\t\t\t\t\t<div class=\"page\" title=\"Page 5\"><div class=\"section\"><div class=\"layoutArea\"><div class=\"column\"><div class=\"page\" title=\"Page 5\"><div class=\"section\"><div class=\"layoutArea\"><div class=\"column\"><div class=\"page\" title=\"Page 3\"><div class=\"section\"><div class=\"layoutArea\"><div class=\"column\"><p class=\"has-text-dark-color has-text-color has-link-color wp-elements-40dca6ceb9aad32eeaffdfdf0e6ac636\">Le programme couvre un large \u00e9ventail de mati\u00e8res pour former des professionnels polyvalents. Les \u00e9tudiants \u00e9tudient des mati\u00e8res telles que le management strat\u00e9gique, la finance, le marketing, la gestion de projet, l\u2019entrepreneuriat, ainsi que le droit des affaires. En plus de ces fondamentaux, des modules ax\u00e9s sur l\u2019innovation, la transformation digitale et le d\u00e9veloppement durable sont \u00e9galement propos\u00e9s, afin de former les futurs leaders capables de s\u2019adapter aux \u00e9volutions rapides du march\u00e9.<\/p><\/div><\/div><\/div><\/div><\/div><\/div><\/div><\/div><\/div><\/div><\/div><\/div>\t\t\t\t\t\t<\/div>\n\t\t\t\t<\/div>\n\t\t\t\t<\/div>\n\t\t\t\t\t<\/div>\n\t\t\t\t<\/div>\n\t\t<div class=\"elementor-element elementor-element-8daae86 e-flex e-con-boxed e-con e-parent\" data-id=\"8daae86\" data-element_type=\"container\" data-settings=\"{&quot;background_background&quot;:&quot;classic&quot;}\">\n\t\t\t\t\t<div class=\"e-con-inner\">\n\t\t<div class=\"elementor-element elementor-element-9ca1d6c e-con-full e-flex e-con e-child\" data-id=\"9ca1d6c\" data-element_type=\"container\">\n\t\t\t\t<div class=\"elementor-element elementor-element-6003770 elementor-widget elementor-widget-heading\" data-id=\"6003770\" data-element_type=\"widget\" data-widget_type=\"heading.default\">\n\t\t\t\t<div class=\"elementor-widget-container\">\n\t\t\t<h2 class=\"elementor-heading-title elementor-size-default\">Aper\u00e7u du programme acad\u00e9mique de la Paris Golf Business School\n\n<\/h2>\t\t<\/div>\n\t\t\t\t<\/div>\n\t\t\t\t<\/div>\n\t\t\t\t\t<\/div>\n\t\t\t\t<\/div>\n\t\t<div class=\"elementor-element elementor-element-9936eaa e-flex e-con-boxed e-con e-parent\" data-id=\"9936eaa\" data-element_type=\"container\" data-settings=\"{&quot;background_background&quot;:&quot;classic&quot;}\">\n\t\t\t\t\t<div class=\"e-con-inner\">\n\t\t<div class=\"elementor-element elementor-element-f7005bb e-con-full e-flex elementor-invisible e-con e-child\" data-id=\"f7005bb\" data-element_type=\"container\" data-settings=\"{&quot;animation&quot;:&quot;fadeInLeft&quot;}\">\n\t\t\t\t<div class=\"elementor-element elementor-element-afcf7be elementor-widget elementor-widget-heading\" data-id=\"afcf7be\" data-element_type=\"widget\" data-settings=\"{&quot;motion_fx_motion_fx_scrolling&quot;:&quot;yes&quot;,&quot;motion_fx_devices&quot;:[&quot;desktop&quot;,&quot;tablet&quot;,&quot;mobile&quot;]}\" data-widget_type=\"heading.default\">\n\t\t\t\t<div class=\"elementor-widget-container\">\n\t\t\t<h3 class=\"elementor-heading-title elementor-size-default\">1<sup>\u00e8re<\/sup> Ann\u00e9e<\/h3>\t\t<\/div>\n\t\t\t\t<\/div>\n\t\t\t\t<div class=\"elementor-element elementor-element-c37522b elementor-widget elementor-widget-text-editor\" data-id=\"c37522b\" data-element_type=\"widget\" data-widget_type=\"text-editor.default\">\n\t\t\t\t<div class=\"elementor-widget-container\">\n\t\t\t\t\t\t\tDiscovery (vol horaire 300h)\t\t\t\t\t\t<\/div>\n\t\t\t\t<\/div>\n\t\t\t\t<div class=\"elementor-element elementor-element-0928063 elementor-widget elementor-widget-text-editor\" data-id=\"0928063\" data-element_type=\"widget\" data-widget_type=\"text-editor.default\">\n\t\t\t\t<div class=\"elementor-widget-container\">\n\t\t\t\t\t\t\t<p>General Culture, Marketing , Economic models, Sales, Project Management, Oral Skills, Soft Skills, Digital skills (back end, front end), Introduction to Business Law, Introduction to Financial Accounting, Intercultural Communication<\/p>\t\t\t\t\t\t<\/div>\n\t\t\t\t<\/div>\n\t\t\t\t<\/div>\n\t\t<div class=\"elementor-element elementor-element-ee98e37 e-con-full e-flex e-con e-child\" data-id=\"ee98e37\" data-element_type=\"container\">\n\t\t\t\t<\/div>\n\t\t<div class=\"elementor-element elementor-element-2648f45 e-con-full e-flex e-con e-child\" data-id=\"2648f45\" data-element_type=\"container\">\n\t\t\t\t<div class=\"elementor-element elementor-element-dddf80e elementor-view-default elementor-widget elementor-widget-icon\" data-id=\"dddf80e\" data-element_type=\"widget\" data-widget_type=\"icon.default\">\n\t\t\t\t<div class=\"elementor-widget-container\">\n\t\t\t\t\t<div class=\"elementor-icon-wrapper\">\n\t\t\t<div class=\"elementor-icon\">\n\t\t\t<svg aria-hidden=\"true\" class=\"e-font-icon-svg e-fas-circle\" viewBox=\"0 0 512 512\" xmlns=\"http:\/\/www.w3.org\/2000\/svg\"><path d=\"M256 8C119 8 8 119 8 256s111 248 248 248 248-111 248-248S393 8 256 8z\"><\/path><\/svg>\t\t\t<\/div>\n\t\t<\/div>\n\t\t\t\t<\/div>\n\t\t\t\t<\/div>\n\t\t\t\t<\/div>\n\t\t<div class=\"elementor-element elementor-element-1589e8a e-con-full e-flex e-con e-child\" data-id=\"1589e8a\" data-element_type=\"container\">\n\t\t\t\t<\/div>\n\t\t<div class=\"elementor-element elementor-element-7e227aa e-con-full e-flex elementor-invisible e-con e-child\" data-id=\"7e227aa\" data-element_type=\"container\" data-settings=\"{&quot;animation&quot;:&quot;fadeInRight&quot;}\">\n\t\t\t\t<div class=\"elementor-element elementor-element-37e8956 elementor-widget elementor-widget-heading\" data-id=\"37e8956\" data-element_type=\"widget\" data-widget_type=\"heading.default\">\n\t\t\t\t<div class=\"elementor-widget-container\">\n\t\t\t<h3 class=\"elementor-heading-title elementor-size-default\">2<sup>\u00e8me<\/sup> Ann\u00e9e<\/h3>\t\t<\/div>\n\t\t\t\t<\/div>\n\t\t\t\t<div class=\"elementor-element elementor-element-9e87094 elementor-widget elementor-widget-text-editor\" data-id=\"9e87094\" data-element_type=\"widget\" data-widget_type=\"text-editor.default\">\n\t\t\t\t<div class=\"elementor-widget-container\">\n\t\t\t\t\t\t\t<p>Reinforcment (300h)<\/p>\t\t\t\t\t\t<\/div>\n\t\t\t\t<\/div>\n\t\t\t\t<div class=\"elementor-element elementor-element-d6bb79b elementor-widget elementor-widget-text-editor\" data-id=\"d6bb79b\" data-element_type=\"widget\" data-widget_type=\"text-editor.default\">\n\t\t\t\t<div class=\"elementor-widget-container\">\n\t\t\t\t\t\t\tAdvanced Marketing, Business Economics, Advanced Sales Techniques, Financial Management, Business Law, Project Management II, Digital Strategy &#038; E-Business, Soft Skills II , Business Ethics \t\t\t\t\t\t<\/div>\n\t\t\t\t<\/div>\n\t\t\t\t<\/div>\n\t\t<div class=\"elementor-element elementor-element-49f497b e-con-full e-flex e-con e-child\" data-id=\"49f497b\" data-element_type=\"container\">\n\t\t\t\t<div class=\"elementor-element elementor-element-dac1e84 elementor-view-default elementor-widget elementor-widget-icon\" data-id=\"dac1e84\" data-element_type=\"widget\" data-widget_type=\"icon.default\">\n\t\t\t\t<div class=\"elementor-widget-container\">\n\t\t\t\t\t<div class=\"elementor-icon-wrapper\">\n\t\t\t<div class=\"elementor-icon\">\n\t\t\t<svg aria-hidden=\"true\" class=\"e-font-icon-svg e-fas-circle\" viewBox=\"0 0 512 512\" xmlns=\"http:\/\/www.w3.org\/2000\/svg\"><path d=\"M256 8C119 8 8 119 8 256s111 248 248 248 248-111 248-248S393 8 256 8z\"><\/path><\/svg>\t\t\t<\/div>\n\t\t<\/div>\n\t\t\t\t<\/div>\n\t\t\t\t<\/div>\n\t\t\t\t<\/div>\n\t\t<div class=\"elementor-element elementor-element-d709060 e-con-full e-flex elementor-invisible e-con e-child\" data-id=\"d709060\" data-element_type=\"container\" data-settings=\"{&quot;animation&quot;:&quot;fadeInLeft&quot;}\">\n\t\t\t\t<div class=\"elementor-element elementor-element-c914487 elementor-widget elementor-widget-heading\" data-id=\"c914487\" data-element_type=\"widget\" data-settings=\"{&quot;motion_fx_motion_fx_scrolling&quot;:&quot;yes&quot;,&quot;motion_fx_devices&quot;:[&quot;desktop&quot;,&quot;tablet&quot;,&quot;mobile&quot;]}\" data-widget_type=\"heading.default\">\n\t\t\t\t<div class=\"elementor-widget-container\">\n\t\t\t<h3 class=\"elementor-heading-title elementor-size-default\">3<sup>\u00e8me<\/sup> Ann\u00e9e<\/h3>\t\t<\/div>\n\t\t\t\t<\/div>\n\t\t\t\t<div class=\"elementor-element elementor-element-fa7354c elementor-widget elementor-widget-text-editor\" data-id=\"fa7354c\" data-element_type=\"widget\" data-widget_type=\"text-editor.default\">\n\t\t\t\t<div class=\"elementor-widget-container\">\n\t\t\t\t\t\t\tExpertise &#038; Gestion de projet (260h)\t\t\t\t\t\t<\/div>\n\t\t\t\t<\/div>\n\t\t\t\t<div class=\"elementor-element elementor-element-c4960aa elementor-widget elementor-widget-text-editor\" data-id=\"c4960aa\" data-element_type=\"widget\" data-widget_type=\"text-editor.default\">\n\t\t\t\t<div class=\"elementor-widget-container\">\n\t\t\t\t\t\t\tStrategic Management, Advanced Project Management, Operations and Supply Chain Management, Data Analytics for Business, Corporate Finance and Investment:, International Business, Risk Management, Leadership and Team Dynamics\t\t\t\t\t\t<\/div>\n\t\t\t\t<\/div>\n\t\t\t\t<\/div>\n\t\t<div class=\"elementor-element elementor-element-0b2a161 e-con-full e-flex e-con e-child\" data-id=\"0b2a161\" data-element_type=\"container\">\n\t\t\t\t<\/div>\n\t\t<div class=\"elementor-element elementor-element-6a3d197 e-con-full e-flex e-con e-child\" data-id=\"6a3d197\" data-element_type=\"container\">\n\t\t\t\t<div class=\"elementor-element elementor-element-9e1614a elementor-view-default elementor-widget elementor-widget-icon\" data-id=\"9e1614a\" data-element_type=\"widget\" data-widget_type=\"icon.default\">\n\t\t\t\t<div class=\"elementor-widget-container\">\n\t\t\t\t\t<div class=\"elementor-icon-wrapper\">\n\t\t\t<div class=\"elementor-icon\">\n\t\t\t<svg aria-hidden=\"true\" class=\"e-font-icon-svg e-fas-circle\" viewBox=\"0 0 512 512\" xmlns=\"http:\/\/www.w3.org\/2000\/svg\"><path d=\"M256 8C119 8 8 119 8 256s111 248 248 248 248-111 248-248S393 8 256 8z\"><\/path><\/svg>\t\t\t<\/div>\n\t\t<\/div>\n\t\t\t\t<\/div>\n\t\t\t\t<\/div>\n\t\t\t\t<\/div>\n\t\t<div class=\"elementor-element elementor-element-89b45c7 e-con-full e-flex e-con e-child\" data-id=\"89b45c7\" data-element_type=\"container\">\n\t\t\t\t<\/div>\n\t\t<div class=\"elementor-element elementor-element-ed17f40 e-con-full e-flex elementor-invisible e-con e-child\" data-id=\"ed17f40\" data-element_type=\"container\" data-settings=\"{&quot;animation&quot;:&quot;fadeInRight&quot;}\">\n\t\t\t\t<div class=\"elementor-element elementor-element-473b991 elementor-widget elementor-widget-heading\" data-id=\"473b991\" data-element_type=\"widget\" data-widget_type=\"heading.default\">\n\t\t\t\t<div class=\"elementor-widget-container\">\n\t\t\t<h3 class=\"elementor-heading-title elementor-size-default\">4<sup>\u00e8me<\/sup> Ann\u00e9e<\/h3>\t\t<\/div>\n\t\t\t\t<\/div>\n\t\t\t\t<div class=\"elementor-element elementor-element-58f5fd4 elementor-widget elementor-widget-text-editor\" data-id=\"58f5fd4\" data-element_type=\"widget\" data-widget_type=\"text-editor.default\">\n\t\t\t\t<div class=\"elementor-widget-container\">\n\t\t\t\t\t\t\tManagement &#038; Entrepreneuship (260h)\t\t\t\t\t\t<\/div>\n\t\t\t\t<\/div>\n\t\t\t\t<div class=\"elementor-element elementor-element-e306f21 elementor-widget elementor-widget-text-editor\" data-id=\"e306f21\" data-element_type=\"widget\" data-widget_type=\"text-editor.default\">\n\t\t\t\t<div class=\"elementor-widget-container\">\n\t\t\t\t\t\t\tBusiness Model Innovation, Corporate Finance, General Management, Business Unit Performance, Venture Capital and Startup Financing, Corporate Strategy, Sustainability and Corporate Social Responsibility (CSR), Digital Transformation and Disruption, Marketing Strategy for Entrepreneurs, Business Negotiation and Conflict Management\t\t\t\t\t\t<\/div>\n\t\t\t\t<\/div>\n\t\t\t\t<\/div>\n\t\t\t\t\t<\/div>\n\t\t\t\t<\/div>\n\t\t\t\t<\/div>\n\t\t","protected":false},"excerpt":{"rendered":"<p>Le parcours acad\u00e9mique Bachelor IN Business Administration (BBA) Le Bachelor in Business Administration (bac+4) est un dipl\u00f4me international reconnu par l\u2019Etat, permettant d\u2019acc\u00e9der \u00e0 des fonctions de management g\u00e9n\u00e9ral et de d\u00e9veloppement d\u2019affaires. Associ\u00e9 \u00e0 la culture de l\u2019innovation , le BBA de la PGB School permet aux \u00e9tudiants de conjuguer une culture g\u00e9n\u00e9rale et [&hellip;]<\/p>\n","protected":false},"author":4,"featured_media":0,"parent":0,"menu_order":0,"comment_status":"closed","ping_status":"closed","template":"","meta":{"_eb_attr":"","content-type":"","footnotes":""},"class_list":["post-536","page","type-page","status-publish","hentry"],"yoast_head":"<!-- This site is optimized with the Yoast SEO plugin v24.4 - https:\/\/yoast.com\/wordpress\/plugins\/seo\/ -->\n<title>Le parcours acad\u00e9mique - PGB School<\/title>\n<meta name=\"robots\" content=\"index, follow, max-snippet:-1, max-image-preview:large, max-video-preview:-1\" \/>\n<link rel=\"canonical\" href=\"https:\/\/golfbusiness-school.com\/fr\/le-parcours-academique\/\" \/>\n<meta property=\"og:locale\" content=\"fr_FR\" \/>\n<meta property=\"og:type\" content=\"article\" \/>\n<meta property=\"og:title\" content=\"Le parcours acad\u00e9mique - PGB School\" \/>\n<meta property=\"og:description\" content=\"Le parcours acad\u00e9mique Bachelor IN Business Administration (BBA) Le Bachelor in Business Administration (bac+4) est un dipl\u00f4me international reconnu par l\u2019Etat, permettant d\u2019acc\u00e9der \u00e0 des fonctions de management g\u00e9n\u00e9ral et de d\u00e9veloppement d\u2019affaires. Associ\u00e9 \u00e0 la culture de l\u2019innovation , le BBA de la PGB School permet aux \u00e9tudiants de conjuguer une culture g\u00e9n\u00e9rale et [&hellip;]\" \/>\n<meta property=\"og:url\" content=\"https:\/\/golfbusiness-school.com\/fr\/le-parcours-academique\/\" \/>\n<meta property=\"og:site_name\" content=\"PGB School\" \/>\n<meta property=\"article:modified_time\" content=\"2024-11-21T19:43:58+00:00\" \/>\n<meta name=\"twitter:card\" content=\"summary_large_image\" \/>\n<meta name=\"twitter:label1\" content=\"Dur\u00e9e de lecture estim\u00e9e\" \/>\n\t<meta name=\"twitter:data1\" content=\"2 minutes\" \/>\n<script type=\"application\/ld+json\" class=\"yoast-schema-graph\">{\"@context\":\"https:\/\/schema.org\",\"@graph\":[{\"@type\":\"WebPage\",\"@id\":\"https:\/\/golfbusiness-school.com\/fr\/le-parcours-academique\/\",\"url\":\"https:\/\/golfbusiness-school.com\/fr\/le-parcours-academique\/\",\"name\":\"Le parcours acad\u00e9mique - PGB School\",\"isPartOf\":{\"@id\":\"https:\/\/golfbusiness-school.com\/#website\"},\"datePublished\":\"2024-11-05T21:49:27+00:00\",\"dateModified\":\"2024-11-21T19:43:58+00:00\",\"breadcrumb\":{\"@id\":\"https:\/\/golfbusiness-school.com\/fr\/le-parcours-academique\/#breadcrumb\"},\"inLanguage\":\"fr-FR\",\"potentialAction\":[{\"@type\":\"ReadAction\",\"target\":[\"https:\/\/golfbusiness-school.com\/fr\/le-parcours-academique\/\"]}]},{\"@type\":\"BreadcrumbList\",\"@id\":\"https:\/\/golfbusiness-school.com\/fr\/le-parcours-academique\/#breadcrumb\",\"itemListElement\":[{\"@type\":\"ListItem\",\"position\":1,\"name\":\"Accueil\",\"item\":\"https:\/\/golfbusiness-school.com\/fr\/\"},{\"@type\":\"ListItem\",\"position\":2,\"name\":\"Le parcours acad\u00e9mique\"}]},{\"@type\":\"WebSite\",\"@id\":\"https:\/\/golfbusiness-school.com\/#website\",\"url\":\"https:\/\/golfbusiness-school.com\/\",\"name\":\"PGB School\",\"description\":\"International Golf Business School\",\"publisher\":{\"@id\":\"https:\/\/golfbusiness-school.com\/#organization\"},\"potentialAction\":[{\"@type\":\"SearchAction\",\"target\":{\"@type\":\"EntryPoint\",\"urlTemplate\":\"https:\/\/golfbusiness-school.com\/?s={search_term_string}\"},\"query-input\":{\"@type\":\"PropertyValueSpecification\",\"valueRequired\":true,\"valueName\":\"search_term_string\"}}],\"inLanguage\":\"fr-FR\"},{\"@type\":\"Organization\",\"@id\":\"https:\/\/golfbusiness-school.com\/#organization\",\"name\":\"PGB School\",\"url\":\"https:\/\/golfbusiness-school.com\/\",\"logo\":{\"@type\":\"ImageObject\",\"inLanguage\":\"fr-FR\",\"@id\":\"https:\/\/golfbusiness-school.com\/#\/schema\/logo\/image\/\",\"url\":\"https:\/\/golfbusiness-school.com\/wp-content\/uploads\/2024\/10\/logo-paris-golf-business-school.svg\",\"contentUrl\":\"https:\/\/golfbusiness-school.com\/wp-content\/uploads\/2024\/10\/logo-paris-golf-business-school.svg\",\"width\":1000,\"height\":216,\"caption\":\"PGB School\"},\"image\":{\"@id\":\"https:\/\/golfbusiness-school.com\/#\/schema\/logo\/image\/\"}}]}<\/script>\n<!-- \/ Yoast SEO plugin. -->","yoast_head_json":{"title":"Le parcours acad\u00e9mique - PGB School","robots":{"index":"index","follow":"follow","max-snippet":"max-snippet:-1","max-image-preview":"max-image-preview:large","max-video-preview":"max-video-preview:-1"},"canonical":"https:\/\/golfbusiness-school.com\/fr\/le-parcours-academique\/","og_locale":"fr_FR","og_type":"article","og_title":"Le parcours acad\u00e9mique - PGB School","og_description":"Le parcours acad\u00e9mique Bachelor IN Business Administration (BBA) Le Bachelor in Business Administration (bac+4) est un dipl\u00f4me international reconnu par l\u2019Etat, permettant d\u2019acc\u00e9der \u00e0 des fonctions de management g\u00e9n\u00e9ral et de d\u00e9veloppement d\u2019affaires. Associ\u00e9 \u00e0 la culture de l\u2019innovation , le BBA de la PGB School permet aux \u00e9tudiants de conjuguer une culture g\u00e9n\u00e9rale et [&hellip;]","og_url":"https:\/\/golfbusiness-school.com\/fr\/le-parcours-academique\/","og_site_name":"PGB School","article_modified_time":"2024-11-21T19:43:58+00:00","twitter_card":"summary_large_image","twitter_misc":{"Dur\u00e9e de lecture estim\u00e9e":"2 minutes"},"schema":{"@context":"https:\/\/schema.org","@graph":[{"@type":"WebPage","@id":"https:\/\/golfbusiness-school.com\/fr\/le-parcours-academique\/","url":"https:\/\/golfbusiness-school.com\/fr\/le-parcours-academique\/","name":"Le parcours acad\u00e9mique - PGB School","isPartOf":{"@id":"https:\/\/golfbusiness-school.com\/#website"},"datePublished":"2024-11-05T21:49:27+00:00","dateModified":"2024-11-21T19:43:58+00:00","breadcrumb":{"@id":"https:\/\/golfbusiness-school.com\/fr\/le-parcours-academique\/#breadcrumb"},"inLanguage":"fr-FR","potentialAction":[{"@type":"ReadAction","target":["https:\/\/golfbusiness-school.com\/fr\/le-parcours-academique\/"]}]},{"@type":"BreadcrumbList","@id":"https:\/\/golfbusiness-school.com\/fr\/le-parcours-academique\/#breadcrumb","itemListElement":[{"@type":"ListItem","position":1,"name":"Accueil","item":"https:\/\/golfbusiness-school.com\/fr\/"},{"@type":"ListItem","position":2,"name":"Le parcours acad\u00e9mique"}]},{"@type":"WebSite","@id":"https:\/\/golfbusiness-school.com\/#website","url":"https:\/\/golfbusiness-school.com\/","name":"PGB School","description":"International Golf Business School","publisher":{"@id":"https:\/\/golfbusiness-school.com\/#organization"},"potentialAction":[{"@type":"SearchAction","target":{"@type":"EntryPoint","urlTemplate":"https:\/\/golfbusiness-school.com\/?s={search_term_string}"},"query-input":{"@type":"PropertyValueSpecification","valueRequired":true,"valueName":"search_term_string"}}],"inLanguage":"fr-FR"},{"@type":"Organization","@id":"https:\/\/golfbusiness-school.com\/#organization","name":"PGB School","url":"https:\/\/golfbusiness-school.com\/","logo":{"@type":"ImageObject","inLanguage":"fr-FR","@id":"https:\/\/golfbusiness-school.com\/#\/schema\/logo\/image\/","url":"https:\/\/golfbusiness-school.com\/wp-content\/uploads\/2024\/10\/logo-paris-golf-business-school.svg","contentUrl":"https:\/\/golfbusiness-school.com\/wp-content\/uploads\/2024\/10\/logo-paris-golf-business-school.svg","width":1000,"height":216,"caption":"PGB School"},"image":{"@id":"https:\/\/golfbusiness-school.com\/#\/schema\/logo\/image\/"}}]}},"_links":{"self":[{"href":"https:\/\/golfbusiness-school.com\/fr\/wp-json\/wp\/v2\/pages\/536","targetHints":{"allow":["GET"]}}],"collection":[{"href":"https:\/\/golfbusiness-school.com\/fr\/wp-json\/wp\/v2\/pages"}],"about":[{"href":"https:\/\/golfbusiness-school.com\/fr\/wp-json\/wp\/v2\/types\/page"}],"author":[{"embeddable":true,"href":"https:\/\/golfbusiness-school.com\/fr\/wp-json\/wp\/v2\/users\/4"}],"replies":[{"embeddable":true,"href":"https:\/\/golfbusiness-school.com\/fr\/wp-json\/wp\/v2\/comments?post=536"}],"version-history":[{"count":0,"href":"https:\/\/golfbusiness-school.com\/fr\/wp-json\/wp\/v2\/pages\/536\/revisions"}],"wp:attachment":[{"href":"https:\/\/golfbusiness-school.com\/fr\/wp-json\/wp\/v2\/media?parent=536"}],"curies":[{"name":"wp","href":"https:\/\/api.w.org\/{rel}","templated":true}]}}